{"id":101,"date":"2018-07-04T08:54:34","date_gmt":"2018-07-04T08:54:34","guid":{"rendered":"http:\/\/sek-landsberg.de\/?page_id=101"},"modified":"2025-11-28T11:57:52","modified_gmt":"2025-11-28T11:57:52","slug":"schulsozialarbeit","status":"publish","type":"page","link":"https:\/\/sek-landsberg.de\/?page_id=101","title":{"rendered":"Beratungsarbeit"},"content":{"rendered":"<h2>Beratungsarbeit<\/h2>\n<p>An unserer Schule arbeiten eine Schulsozialarbeiterin (seit Februar 2023) und eine Beratungslehrerin.<!--more--><\/p>\n<table class=\"cells\" width=\"100%\" cellspacing=\"2\" cellpadding=\"2\">\n<tbody>\n<tr>\n<td><b>Schulsozialarbeiter:<\/b><\/td>\n<td>Nils Hanzig<\/td>\n<\/tr>\n<tr>\n<td><b>Zu erreichen in:<\/b><\/td>\n<td>Sekundarschule &#8222;An der Doppelkapelle&#8220; Landsberg&nbsp;<\/td>\n<\/tr>\n<tr>\n<td><b>Finanzierung des Projekts:<\/b><\/td>\n<td>Finanzierung des Projektes: Tr\u00e4gerwerk Soziale Dienste Sachsen-Anhalt und kofinanziert von der Europ\u00e4ischen Union<\/p>\n<p><img loading=\"lazy\" decoding=\"async\" class=\"alignnone size-full wp-image-6532\" src=\"https:\/\/sek-landsberg.de\/wp-content\/uploads\/2025\/11\/twsd.jpg\" alt=\"\" width=\"376\" height=\"117\" srcset=\"https:\/\/sek-landsberg.de\/wp-content\/uploads\/2025\/11\/twsd.jpg 376w, https:\/\/sek-landsberg.de\/wp-content\/uploads\/2025\/11\/twsd-300x93.jpg 300w\" sizes=\"auto, (max-width: 376px) 100vw, 376px\" \/><img loading=\"lazy\" decoding=\"async\" class=\"alignnone size-full wp-image-6531\" src=\"https:\/\/sek-landsberg.de\/wp-content\/uploads\/2025\/11\/EU.png\" alt=\"\" width=\"568\" height=\"114\" srcset=\"https:\/\/sek-landsberg.de\/wp-content\/uploads\/2025\/11\/EU.png 568w, https:\/\/sek-landsberg.de\/wp-content\/uploads\/2025\/11\/EU-300x60.png 300w\" sizes=\"auto, (max-width: 568px) 100vw, 568px\" \/><\/td>\n<\/tr>\n<tr>\n<td><b>Tel.-Nr.:<\/b><\/td>\n<td>01702831312<\/td>\n<\/tr>\n<tr>\n<td><b>Fax:<\/b><\/td>\n<td>&nbsp;<\/td>\n<\/tr>\n<tr>\n<td><b>E-Mail:<\/b><\/td>\n<td><a href=\"mailto:nils.hanzig@twsd.de\">nils.hanzig@twsd.de<\/a><\/td>\n<\/tr>\n<tr>\n<td><b>Sprechzeiten:<\/b><\/td>\n<td>Montag- Freitag:<br \/>\n07.30 Uhr &#8211; 15.30 Uhr<\/td>\n<\/tr>\n<\/tbody>\n<\/table>\n<h4><strong>Arbeitsbereiche:&nbsp; &nbsp; &nbsp; &nbsp; &nbsp; &nbsp; &nbsp; &nbsp; &nbsp; &nbsp; &nbsp; &nbsp; &nbsp; &nbsp; &nbsp; &nbsp; &nbsp; &nbsp; &nbsp; &nbsp; &nbsp; &nbsp; &nbsp; &nbsp; &nbsp; &nbsp; &nbsp; &nbsp; &nbsp; &nbsp; &nbsp; &nbsp;<\/strong><\/h4>\n<ul>\n<li>An mehr als 300 Schulen des Landes Sachsen-Anhalt werden im Rahmen des ESF-Programms &#8222;Schulerfolg sichern&#8220; Schulsozialarbeiter\/innen eingesetzt. Die Fachkr\u00e4fte haben sich im Rahmen des Programms individuelle Ziele gesteckt, die auf die jeweilige Situation an den Schulen bedarfsorientiert zugeschnitten sind. Sie sind direkte Ansprechpartner vor Ort, sowohl f\u00fcr Sch\u00fcler\/innen, f\u00fcr Eltern, f\u00fcr Lehrer\/innen als auch f\u00fcr au\u00dferschulische Kooperationspartner\/innen (\u00c4mter, Beh\u00f6rden, Vereine etc.).<\/li>\n<\/ul>\n<h4><strong>Aufgaben:<\/strong><\/h4>\n<ul>\n<li>Beratung f\u00fcr Sch\u00fcler*innen und Eltern in unterschiedlichen Problem- bzw. Konfliktsituationen<\/li>\n<li>Organisation von Pr\u00e4ventionsangeboten<\/li>\n<li>Individuelle Einzelfallhilfe<\/li>\n<li>Organisation von Fortbildungen und Hilfen f\u00fcr Lehrer*innen, thematischen Elternabenden<\/li>\n<li>Unterst\u00fctzung der Sch\u00fclervertreter*innen bei der Umsetzung praktischer Demokratie an der Schule<\/li>\n<li>F\u00f6rderung von sozialem Lernen und Engagement, um den Schulalltag angenehm zu gestalten<\/li>\n<\/ul>\n<table class=\"cells\" width=\"100%\" cellspacing=\"2\" cellpadding=\"2\">\n<tbody>\n<tr>\n<td><b>Beratungslehrerin:<\/b><\/td>\n<td>Katrin Grothe<\/td>\n<\/tr>\n<tr>\n<td><b>Zu erreichen in:<\/b><\/td>\n<td>Sekundarschule &#8222;An der Doppelkapelle&#8220; Landsberg&nbsp;<\/td>\n<\/tr>\n<tr>\n<td><b>Finanzierung des Projekts:<\/b><\/td>\n<td>Mittel des Europ\u00e4ischen Sozialfonds (ESF-Mittel)<br \/>\nKultusministerium des Landes Sachsen-Anhalt<\/td>\n<\/tr>\n<tr>\n<td><b>Tel.-Nr.:<\/b><\/td>\n<td>015155145865<\/td>\n<\/tr>\n<tr>\n<td><b>Fax:<\/b><\/td>\n<td>&nbsp;<\/td>\n<\/tr>\n<tr>\n<td><b>E-Mail:<\/b><\/td>\n<td><a href=\"mailto:katrin.grothe@lscha.mb.sachsen-anhalt.de\">katrin.grothe@lscha.mb.sachsen-anhalt.de<\/a><\/td>\n<\/tr>\n<tr>\n<td><b>Sprechzeiten:<\/b><\/td>\n<td>Dienstag: 08.00 Uhr &#8211; 12.00 Uhr sowie 13.00 Uhr &#8211; 15.00 Uhr<br \/>\nDonnerstag: 08.00 Uhr &#8211; 12.00 Uhr sowie 13.00 Uhr &#8211; 15.00 Uhr<br \/>\nFreitag: 08.00 Uhr &#8211; 12.00 Uhr<\/td>\n<\/tr>\n<\/tbody>\n<\/table>\n<h3>Arbeitsbereiche:<\/h3>\n<p style=\"text-align: left;\">Beratung von Sch\u00fclerinnen und Sch\u00fcler und deren Erziehungsberechtigte<br \/>\nZusammenarbeit mit Lehrerinnen und Lehrern und deren kollegiale Beratung<br \/>\nKooperation mit au\u00dferschulischen Einrichtungen und Unterst\u00fctzungssystemen<\/p>\n<h3>Aufgaben:<\/h3>\n<p>Schullaufbahnberatung<br \/>\n&#8211; Information und Beratung \u00fcber Bildungsangebote<br \/>\n&#8211; individuelle Schullaufbahnberatung<br \/>\nProblemorientierte Beratung<br \/>\n&#8211; bei Lern-, Leistungs- und Verhaltensversagen<br \/>\n&#8211; M\u00f6glichkeiten der Intervention und Pr\u00e4vention<br \/>\n&#8211; Identifizierung gef\u00e4hrdeter Sch\u00fclerinnen und Sch\u00fcler bei Schulversagen<br \/>\nZusammenarbeit und Kooperation u.a. mit:<br \/>\n&#8211; Schulpsychologen<br \/>\n&#8211; Klassenlehrkr\u00e4ften<br \/>\n&#8211; Schulsozialarbeitern<br \/>\n&#8211; \u00c4mtern und sozialen Diensten und anderen Beratungsdiensten<\/p>\n<h2>Angebote zur Suchtpr\u00e4vention<\/h2>\n<p>durch Frau Claudia Hammer Fachkraft f\u00fcr Suchtpr\u00e4vention Saalekreis<br \/>\nAWO Erziehungshilfe Halle (Saale) gGmbH<br \/>\nSixtistra\u00dfe 16a<br \/>\n06217 Merseburg<\/p>\n<p>Podcast: <a href=\"https:\/\/www.awo-halle-merseburg.de\/angebote\/projekte\/suchtpraevention\/pottkasten\/\">https:\/\/www.awo-halle-merseburg.de\/angebote\/projekte\/suchtpraevention\/pottkasten\/<\/a><\/p>\n","protected":false},"excerpt":{"rendered":"<p>Beratungsarbeit An unserer Schule arbeiten eine Schulsozialarbeiterin (seit Februar 2023) und eine Beratungslehrerin.<\/p>\n","protected":false},"author":1,"featured_media":0,"parent":91,"menu_order":0,"comment_status":"closed","ping_status":"closed","template":"","meta":{"ngg_post_thumbnail":0,"footnotes":""},"class_list":["post-101","page","type-page","status-publish","hentry"],"_links":{"self":[{"href":"https:\/\/sek-landsberg.de\/index.php?rest_route=\/wp\/v2\/pages\/101","targetHints":{"allow":["GET"]}}],"collection":[{"href":"https:\/\/sek-landsberg.de\/index.php?rest_route=\/wp\/v2\/pages"}],"about":[{"href":"https:\/\/sek-landsberg.de\/index.php?rest_route=\/wp\/v2\/types\/page"}],"author":[{"embeddable":true,"href":"https:\/\/sek-landsberg.de\/index.php?rest_route=\/wp\/v2\/users\/1"}],"replies":[{"embeddable":true,"href":"https:\/\/sek-landsberg.de\/index.php?rest_route=%2Fwp%2Fv2%2Fcomments&post=101"}],"version-history":[{"count":40,"href":"https:\/\/sek-landsberg.de\/index.php?rest_route=\/wp\/v2\/pages\/101\/revisions"}],"predecessor-version":[{"id":6559,"href":"https:\/\/sek-landsberg.de\/index.php?rest_route=\/wp\/v2\/pages\/101\/revisions\/6559"}],"up":[{"embeddable":true,"href":"https:\/\/sek-landsberg.de\/index.php?rest_route=\/wp\/v2\/pages\/91"}],"wp:attachment":[{"href":"https:\/\/sek-landsberg.de\/index.php?rest_route=%2Fwp%2Fv2%2Fmedia&parent=101"}],"curies":[{"name":"wp","href":"https:\/\/api.w.org\/{rel}","templated":true}]}}