{"id":103,"date":"2018-07-04T08:55:54","date_gmt":"2018-07-04T08:55:54","guid":{"rendered":"http:\/\/sek-landsberg.de\/?page_id=103"},"modified":"2018-08-11T08:51:41","modified_gmt":"2018-08-11T08:51:41","slug":"unser-ganztagsschulkonzept","status":"publish","type":"page","link":"https:\/\/sek-landsberg.de\/?page_id=103","title":{"rendered":"Das Konzept unserer Ganztagsschule"},"content":{"rendered":"<h2>Konzept der Ganztagsbetreuung<\/h2>\n<ul>\n<li>Nach der 1. Doppelstunde um 9.05 Uhr verbleiben die Sch\u00fcler im Raum zum Fr\u00fchst\u00fcck, danach geht es zur Pause auf den Schulhof<\/li>\n<li>Um 11.30 Uhr ist die Mittagspause der Sch\u00fcler<\/li>\n<li>Von 11.08 bis 11.30 Uhr gehen die Sch\u00fcler der Klassen 5 bis 7 ins oMA (=offenes Mittagsangebot) mit unterschiedlichen Angeboten\n<ul>\n<li>Jeder Sch\u00fcler hat mindestens 3 Angebote pro Woche zu belegen.<\/li>\n<li>Dazu bekommt jede Klasse einen Raum sowie eine\/n Lehrer\/ in zugewiesen.<\/li>\n<li>Diese\/r Betreuer \/ in ist als Aufsicht und Berater eingesetzt, der auf dem Laufzettel die Anwesenheit best\u00e4tigt.<\/li>\n<li>W\u00e4hlen die Sch\u00fcler ein anderes Angebot, begeben sie sich in die entsprechenden R\u00e4ume und lassen sich dort ihre Teilnahme best\u00e4tigen.<\/li>\n<li>Fehlende Lernzeiten werden in der folgenden Woche nachgeholt oder in der Nacharbeitszeit am Freitag.<\/li>\n<\/ul>\n<\/li>\n<\/ul>\n[table \u201c4\u201d not found \/]<br \/>\n\n<ul>\n<li>Wir haben verschiedene Arbeitsgemeinschaften f\u00fcr unsere Sch\u00fcler organisiert.<br \/>\n<b>Die Teilnahme an diesen AGs beschr\u00e4nkt sich nicht nur auf die Klassen 5 bis 8. Wenn der Stundenplan es zul\u00e4sst, sind auch die \u00e4lteren Sch\u00fcler gern gesehen!<\/b><\/li>\n<li>Die Entscheidung f\u00fcr eine Arbeitsgemeinschaft ist f\u00fcr das ganze Schuljahr verpflichtend, da die Arbeitsgemeinschaftszeiten in der Stundentafel enthalten sind!<\/li>\n<\/ul>\n<p>Informationen zu den in diesem Jahr stattfindenden Arbeitsgemeinschaften findet ihr auf der Seite <b>Arbeitsgemeinschaften<\/b>.<\/p>\n","protected":false},"excerpt":{"rendered":"<p>Konzept der Ganztagsbetreuung Nach der 1. Doppelstunde um 9.05 Uhr verbleiben die Sch\u00fcler im Raum zum Fr\u00fchst\u00fcck, danach geht es zur Pause auf den Schulhof Um 11.30 Uhr ist die Mittagspause der Sch\u00fcler Von 11.08 [&hellip;]<\/p>\n","protected":false},"author":1,"featured_media":0,"parent":91,"menu_order":0,"comment_status":"closed","ping_status":"closed","template":"","meta":{"ngg_post_thumbnail":0,"footnotes":""},"class_list":["post-103","page","type-page","status-publish","hentry"],"_links":{"self":[{"href":"https:\/\/sek-landsberg.de\/index.php?rest_route=\/wp\/v2\/pages\/103","targetHints":{"allow":["GET"]}}],"collection":[{"href":"https:\/\/sek-landsberg.de\/index.php?rest_route=\/wp\/v2\/pages"}],"about":[{"href":"https:\/\/sek-landsberg.de\/index.php?rest_route=\/wp\/v2\/types\/page"}],"author":[{"embeddable":true,"href":"https:\/\/sek-landsberg.de\/index.php?rest_route=\/wp\/v2\/users\/1"}],"replies":[{"embeddable":true,"href":"https:\/\/sek-landsberg.de\/index.php?rest_route=%2Fwp%2Fv2%2Fcomments&post=103"}],"version-history":[{"count":6,"href":"https:\/\/sek-landsberg.de\/index.php?rest_route=\/wp\/v2\/pages\/103\/revisions"}],"predecessor-version":[{"id":960,"href":"https:\/\/sek-landsberg.de\/index.php?rest_route=\/wp\/v2\/pages\/103\/revisions\/960"}],"up":[{"embeddable":true,"href":"https:\/\/sek-landsberg.de\/index.php?rest_route=\/wp\/v2\/pages\/91"}],"wp:attachment":[{"href":"https:\/\/sek-landsberg.de\/index.php?rest_route=%2Fwp%2Fv2%2Fmedia&parent=103"}],"curies":[{"name":"wp","href":"https:\/\/api.w.org\/{rel}","templated":true}]}}