{"id":105,"date":"2018-07-04T08:58:38","date_gmt":"2018-07-04T08:58:38","guid":{"rendered":"http:\/\/sek-landsberg.de\/?page_id=105"},"modified":"2023-10-11T08:56:51","modified_gmt":"2023-10-11T08:56:51","slug":"elternrat","status":"publish","type":"page","link":"https:\/\/sek-landsberg.de\/?page_id=105","title":{"rendered":"Elternrat"},"content":{"rendered":"<p>Der Elternrat vertritt die Interessen der Schulgemeinschaft von Seiten der Eltern.<\/p>\n<p>Die Elternratssitzungen finden in regelm\u00e4\u00dfigen Abst\u00e4nden (6-8 Wochen) gemeinsam mit der Schulleitung statt. Hier werden aktuelle Themen diskutiert und besprochen.<\/p>\n<p>Mitglieder des Elternrates sind auch in den Gesamtkonferenzen sowie den Fachkonferenzen vertreten und sind somit an den Beschlussfassungen der Schule beteiligt.<\/p>\n<h3>&nbsp;<\/h3>\n<h3>\u00dcbersicht der im Schuljahr 2023\/24 gew\u00e4hlten Elternvertreter der Klassen und ihre Funktion in den Gremien.<\/h3>\n<p><b>Elternratsvorsitzender:<\/b> Bettina Ebensperger<br \/>\n<b>stellvertretende Elternratsvorsitzende:<\/b> Jaqueline Doepelheuer<\/p>\n<h2 id=\"tablepress-1-name\" class=\"tablepress-table-name tablepress-table-name-id-1\">Mitglieder des Elternrates im Schuljahr 2025\/26<\/h2>\n\n<table id=\"tablepress-1\" class=\"tablepress tablepress-id-1\" aria-labelledby=\"tablepress-1-name\">\n<thead>\n<tr class=\"row-1\">\n\t<td class=\"column-1\"><\/td><th class=\"column-2\">Vorsitzende\/r<\/th><th class=\"column-3\">Stellvertreter\/in<\/th>\n<\/tr>\n<\/thead>\n<tbody class=\"row-striping row-hover\">\n<tr class=\"row-2\">\n\t<td class=\"column-1\">Klasse 5a<\/td><td class=\"column-2\">Dennis Kabisch<\/td><td class=\"column-3\">Janine Bimberg<\/td>\n<\/tr>\n<tr class=\"row-3\">\n\t<td class=\"column-1\">Klasse 5b<\/td><td class=\"column-2\">Julia Gehmlich<\/td><td class=\"column-3\">Cornelia Kraft<\/td>\n<\/tr>\n<tr class=\"row-4\">\n\t<td class=\"column-1\">Klasse 5c<\/td><td class=\"column-2\">Melanie Theuring<\/td><td class=\"column-3\">Bianca Kraus<\/td>\n<\/tr>\n<tr class=\"row-5\">\n\t<td class=\"column-1\">Klasse 6a<\/td><td class=\"column-2\">Ariane Fischer<\/td><td class=\"column-3\">Karina Sperling<\/td>\n<\/tr>\n<tr class=\"row-6\">\n\t<td class=\"column-1\">Klasse 6b<\/td><td class=\"column-2\">Christian Ehrenberg<\/td><td class=\"column-3\">Dana Frenzel<\/td>\n<\/tr>\n<tr class=\"row-7\">\n\t<td class=\"column-1\">Klasse 6c<\/td><td class=\"column-2\">Ute Gohlke-Czaja<\/td><td class=\"column-3\">Nancy Porada<\/td>\n<\/tr>\n<tr class=\"row-8\">\n\t<td class=\"column-1\">Klasse 7a<\/td><td class=\"column-2\">Antje Rakete<\/td><td class=\"column-3\">Mario Gumbert<\/td>\n<\/tr>\n<tr class=\"row-9\">\n\t<td class=\"column-1\">Klasse 7b<\/td><td class=\"column-2\">Daniela Pillekeit<\/td><td class=\"column-3\">Andrea Heise<\/td>\n<\/tr>\n<tr class=\"row-10\">\n\t<td class=\"column-1\">Klasse 7c<\/td><td class=\"column-2\">Tina Kullack<\/td><td class=\"column-3\">Nicole Lauenroth<br \/>\nSandra Stroh<\/td>\n<\/tr>\n<tr class=\"row-11\">\n\t<td class=\"column-1\">Klasse 8a<\/td><td class=\"column-2\">Jennifer Berger<\/td><td class=\"column-3\">Jenny M\u00fcller<\/td>\n<\/tr>\n<tr class=\"row-12\">\n\t<td class=\"column-1\">Klasse 8b<\/td><td class=\"column-2\">Katrin K\u00f6ppe<\/td><td class=\"column-3\">Alexandra Berner<\/td>\n<\/tr>\n<tr class=\"row-13\">\n\t<td class=\"column-1\">Klasse 8c<\/td><td class=\"column-2\">Toni Schiebel<\/td><td class=\"column-3\">Sarah Hartwig<br \/>\nKristin Pawelski<\/td>\n<\/tr>\n<tr class=\"row-14\">\n\t<td class=\"column-1\">Klasse 9a<\/td><td class=\"column-2\">Ines Heinemann<\/td><td class=\"column-3\">Angelika Uhlemann-Martin<\/td>\n<\/tr>\n<tr class=\"row-15\">\n\t<td class=\"column-1\">Klasse 9b<\/td><td class=\"column-2\">Bj\u00f6rn D\u00f6bber<\/td><td class=\"column-3\">Steffen Gehmlich<\/td>\n<\/tr>\n<tr class=\"row-16\">\n\t<td class=\"column-1\">Klasse 9c<\/td><td class=\"column-2\">Stefanie Thormann<\/td><td class=\"column-3\">Heike Stroisch<\/td>\n<\/tr>\n<tr class=\"row-17\">\n\t<td class=\"column-1\">Klasse 10a<\/td><td class=\"column-2\">Peggy L\u00fcbeck<br \/>\n<\/td><td class=\"column-3\">Marcus Vorwig<\/td>\n<\/tr>\n<tr class=\"row-18\">\n\t<td class=\"column-1\">Klasse 10b<\/td><td class=\"column-2\">Jenny M\u00fcller<\/td><td class=\"column-3\">Dirk Sch\u00f6del<\/td>\n<\/tr>\n<tr class=\"row-19\">\n\t<td class=\"column-1\">Klasse 10c<\/td><td class=\"column-2\">Michael Oehmig<\/td><td class=\"column-3\">Tina Kullack<\/td>\n<\/tr>\n<\/tbody>\n<\/table>\n<!-- #tablepress-1 from cache -->\n<p><img loading=\"lazy\" decoding=\"async\" class=\"alignnone size-full wp-image-6013\" src=\"https:\/\/sek-landsberg.de\/wp-content\/uploads\/2023\/10\/Elternrat-2.jpg\" alt=\"\" width=\"1068\" height=\"600\" srcset=\"https:\/\/sek-landsberg.de\/wp-content\/uploads\/2023\/10\/Elternrat-2.jpg 1068w, https:\/\/sek-landsberg.de\/wp-content\/uploads\/2023\/10\/Elternrat-2-300x169.jpg 300w, https:\/\/sek-landsberg.de\/wp-content\/uploads\/2023\/10\/Elternrat-2-1024x575.jpg 1024w, https:\/\/sek-landsberg.de\/wp-content\/uploads\/2023\/10\/Elternrat-2-768x431.jpg 768w\" sizes=\"auto, (max-width: 1068px) 100vw, 1068px\" \/><\/p>\n<p><img loading=\"lazy\" decoding=\"async\" class=\"alignnone size-full wp-image-6012\" src=\"https:\/\/sek-landsberg.de\/wp-content\/uploads\/2023\/10\/Elternrat-1.jpg\" alt=\"\" width=\"1068\" height=\"600\" srcset=\"https:\/\/sek-landsberg.de\/wp-content\/uploads\/2023\/10\/Elternrat-1.jpg 1068w, https:\/\/sek-landsberg.de\/wp-content\/uploads\/2023\/10\/Elternrat-1-300x169.jpg 300w, https:\/\/sek-landsberg.de\/wp-content\/uploads\/2023\/10\/Elternrat-1-1024x575.jpg 1024w, https:\/\/sek-landsberg.de\/wp-content\/uploads\/2023\/10\/Elternrat-1-768x431.jpg 768w\" sizes=\"auto, (max-width: 1068px) 100vw, 1068px\" \/><\/p>\n","protected":false},"excerpt":{"rendered":"<p>Der Elternrat vertritt die Interessen der Schulgemeinschaft von Seiten der Eltern. Die Elternratssitzungen finden in regelm\u00e4\u00dfigen Abst\u00e4nden (6-8 Wochen) gemeinsam mit der Schulleitung statt. Hier werden aktuelle Themen diskutiert und besprochen. Mitglieder des Elternrates sind [&hellip;]<\/p>\n","protected":false},"author":1,"featured_media":0,"parent":91,"menu_order":0,"comment_status":"closed","ping_status":"closed","template":"","meta":{"ngg_post_thumbnail":0,"footnotes":""},"class_list":["post-105","page","type-page","status-publish","hentry"],"_links":{"self":[{"href":"https:\/\/sek-landsberg.de\/index.php?rest_route=\/wp\/v2\/pages\/105","targetHints":{"allow":["GET"]}}],"collection":[{"href":"https:\/\/sek-landsberg.de\/index.php?rest_route=\/wp\/v2\/pages"}],"about":[{"href":"https:\/\/sek-landsberg.de\/index.php?rest_route=\/wp\/v2\/types\/page"}],"author":[{"embeddable":true,"href":"https:\/\/sek-landsberg.de\/index.php?rest_route=\/wp\/v2\/users\/1"}],"replies":[{"embeddable":true,"href":"https:\/\/sek-landsberg.de\/index.php?rest_route=%2Fwp%2Fv2%2Fcomments&post=105"}],"version-history":[{"count":14,"href":"https:\/\/sek-landsberg.de\/index.php?rest_route=\/wp\/v2\/pages\/105\/revisions"}],"predecessor-version":[{"id":177,"href":"https:\/\/sek-landsberg.de\/index.php?rest_route=\/wp\/v2\/pages\/105\/revisions\/177"}],"up":[{"embeddable":true,"href":"https:\/\/sek-landsberg.de\/index.php?rest_route=\/wp\/v2\/pages\/91"}],"wp:attachment":[{"href":"https:\/\/sek-landsberg.de\/index.php?rest_route=%2Fwp%2Fv2%2Fmedia&parent=105"}],"curies":[{"name":"wp","href":"https:\/\/api.w.org\/{rel}","templated":true}]}}