{"id":115,"date":"2018-07-04T09:03:00","date_gmt":"2018-07-04T09:03:00","guid":{"rendered":"http:\/\/sek-landsberg.de\/?page_id=115"},"modified":"2025-08-01T06:40:01","modified_gmt":"2025-08-01T06:40:01","slug":"115-2","status":"publish","type":"page","link":"https:\/\/sek-landsberg.de\/?page_id=115","title":{"rendered":"Sch\u00fclerrat"},"content":{"rendered":"<h2>Sch\u00fclervertreter im Schuljahr 2025\/26<\/h2>\n<p>&nbsp;<\/p>\n<p>Der Sch\u00fclerrat ist gew\u00e4hlt. Diese Sch\u00fclerinnen und Sch\u00fcler vertreten ihre Klasse bzw. die Schule.<\/p>\n<p>Sch\u00fclerratsvorsitzender: Elias Fischer, Klasse 10b&nbsp;<br \/>\nStellvertreterin: Collien Sch\u00fclbe, Klasse 10a<\/p>\n<h2 id=\"tablepress-2-name\" class=\"tablepress-table-name tablepress-table-name-id-2\">Mitglieder des Sch\u00fclerrates<\/h2>\n\n<table id=\"tablepress-2\" class=\"tablepress tablepress-id-2\" aria-labelledby=\"tablepress-2-name\">\n<thead>\n<tr class=\"row-1\">\n\t<th class=\"column-1\">Klasse<\/th><th class=\"column-2\">Klassensprecher\/in<\/th><th class=\"column-3\">Stellvertreter\/in<\/th>\n<\/tr>\n<\/thead>\n<tbody class=\"row-striping row-hover\">\n<tr class=\"row-2\">\n\t<td class=\"column-1\">Klasse 5a<\/td><td class=\"column-2\">Linus Hampel<\/td><td class=\"column-3\">Lia Frerichs<\/td>\n<\/tr>\n<tr class=\"row-3\">\n\t<td class=\"column-1\">Klasse 5b<\/td><td class=\"column-2\">Noah Ehrenberg<\/td><td class=\"column-3\">Aneliya K\u00fchnel<\/td>\n<\/tr>\n<tr class=\"row-4\">\n\t<td class=\"column-1\">Klasse 5c<\/td><td class=\"column-2\">Anni Mertin<\/td><td class=\"column-3\">Oskar Schmidt<\/td>\n<\/tr>\n<tr class=\"row-5\">\n\t<td class=\"column-1\">Klasse 6a<\/td><td class=\"column-2\">Bruno Fleischhauer<\/td><td class=\"column-3\">Louise Harre<\/td>\n<\/tr>\n<tr class=\"row-6\">\n\t<td class=\"column-1\">Klasse 6b<\/td><td class=\"column-2\">Miriam Pioch<\/td><td class=\"column-3\">Ben Rumpf<\/td>\n<\/tr>\n<tr class=\"row-7\">\n\t<td class=\"column-1\">Klasse 6c<\/td><td class=\"column-2\">Lotta Beyrow<\/td><td class=\"column-3\">Bennett Lehmann<\/td>\n<\/tr>\n<tr class=\"row-8\">\n\t<td class=\"column-1\">Klasse 7a<\/td><td class=\"column-2\">Lenya-Sophie Kay<\/td><td class=\"column-3\">Alva Spallek<\/td>\n<\/tr>\n<tr class=\"row-9\">\n\t<td class=\"column-1\">Klasse 7b<\/td><td class=\"column-2\">Leonie Dohmen<\/td><td class=\"column-3\">Jamie Schwarz<\/td>\n<\/tr>\n<tr class=\"row-10\">\n\t<td class=\"column-1\">Klasse 7c<\/td><td class=\"column-2\">Kyra Rost<\/td><td class=\"column-3\">Tim Kullack<\/td>\n<\/tr>\n<tr class=\"row-11\">\n\t<td class=\"column-1\">Klasse 8a<\/td><td class=\"column-2\">Amy Kanigs<\/td><td class=\"column-3\">Fynn Hurt<\/td>\n<\/tr>\n<tr class=\"row-12\">\n\t<td class=\"column-1\">Klasse 8b<\/td><td class=\"column-2\">Bruni Bunk<\/td><td class=\"column-3\">Alexis Riedel<\/td>\n<\/tr>\n<tr class=\"row-13\">\n\t<td class=\"column-1\">Klasse 8c<\/td><td class=\"column-2\">Mira Rei\u00dfer<\/td><td class=\"column-3\">Oliver Madjar<\/td>\n<\/tr>\n<tr class=\"row-14\">\n\t<td class=\"column-1\">Klasse 9a<\/td><td class=\"column-2\">Viggo Spallek<\/td><td class=\"column-3\">Aaron Martin<\/td>\n<\/tr>\n<tr class=\"row-15\">\n\t<td class=\"column-1\">Klasse 9b<\/td><td class=\"column-2\">Johann Kropf<\/td><td class=\"column-3\">Mia Adam<\/td>\n<\/tr>\n<tr class=\"row-16\">\n\t<td class=\"column-1\">Klasse 9c<\/td><td class=\"column-2\">Lenny Thormann<\/td><td class=\"column-3\">Finja Kie\u00dfler<\/td>\n<\/tr>\n<tr class=\"row-17\">\n\t<td class=\"column-1\">Klasse 10a<\/td><td class=\"column-2\">Lotta Kaden<\/td><td class=\"column-3\">Emma Piske<\/td>\n<\/tr>\n<tr class=\"row-18\">\n\t<td class=\"column-1\">Klasse 10b<\/td><td class=\"column-2\">Ben Schneider<\/td><td class=\"column-3\">Lily Falke<\/td>\n<\/tr>\n<tr class=\"row-19\">\n\t<td class=\"column-1\">Klasse 10c<\/td><td class=\"column-2\">Heinrich Hauser<\/td><td class=\"column-3\">Ben Oehse<\/td>\n<\/tr>\n<\/tbody>\n<\/table>\n<!-- #tablepress-2 from cache -->\n<p>Sch\u00fclerrat-Wenn Sch\u00fcler Politik machen<\/p>\n<p>Das ist die Seite vom Sch\u00fclerrat (SR) der Sekundarschule Landsberg.<\/p>\n<h2>Allgemeines zum Sch\u00fclerrat<\/h2>\n\n<table id=\"tablepress-3\" class=\"tablepress tablepress-id-3\">\n<tbody class=\"row-striping row-hover\">\n<tr class=\"row-1\">\n\t<td class=\"column-1\">Im Sch\u00fclerrat sind alle vorsitzenden KlassensprecherInnen von der 5.-10. Klasse vertreten. Der Sch\u00fclerrat w\u00e4hlt bei seiner ersten Sitzung den\/die Sch\u00fclerrats- sprecherIn. Sowie dessen bzw. deren Stellvertretung f\u00fcr ein Jahr. Aus dem Sch\u00fclerrat wird ebenfalls eine Delegation gew\u00e4hlt, welche an der Gesamtkonferenz teilnimmt. Die Gesamtkonferenz ist das h\u00f6chste Gremium an einer Schule und stellt die Vereinigung von Schulleitung, <\/td><td class=\"column-2\">Sch\u00fclerrat, Elternrat sowie der Lehrer dar. Die Gesamtkonferenz findet mindestens zweimal im Jahr statt. Die Vertreter entscheiden \u00fcber Schulinterna, wie Hausordnungs\u00e4nderungen, Anschaffungen oder Bewilligungen von Klassenfahrten, sowie schulexterne Beschl\u00fcsse, wie Zusammenarbeit mit Firmen oder dem Schulverwaltungsamt. Beschlussvorlagen k\u00f6nnen sowohl Lehrer, Eltern, als auch der Sch\u00fclerrat einbringen. Der gew\u00e4hlte Sch\u00fclerratsvorsitzende hat zus\u00e4tzlich die M\u00f6glichkeit im Kreissch\u00fclerrat t\u00e4tig zu werden.<\/td>\n<\/tr>\n<\/tbody>\n<\/table>\n<!-- #tablepress-3 from cache -->\n<h2>Fragen ?? oder Vorschl\u00e4ge zur Verbesserung???<\/h2>\n<p>Kein Problem! Euer Sch\u00fclerrat steht euch immer zur Verf\u00fcgung. Traut euch! Sprecht Probleme offen an und schaut nicht weg! Unser Sch\u00fclerrat steht jedem offen und hilft nach Kr\u00e4ften gern.<\/p>\n","protected":false},"excerpt":{"rendered":"<p>Sch\u00fclervertreter im Schuljahr 2025\/26 &nbsp; Der Sch\u00fclerrat ist gew\u00e4hlt. Diese Sch\u00fclerinnen und Sch\u00fcler vertreten ihre Klasse bzw. die Schule. Sch\u00fclerratsvorsitzender: Elias Fischer, Klasse 10b&nbsp; Stellvertreterin: Collien Sch\u00fclbe, Klasse 10a Sch\u00fclerrat-Wenn Sch\u00fcler Politik machen Das ist [&hellip;]<\/p>\n","protected":false},"author":1,"featured_media":0,"parent":91,"menu_order":0,"comment_status":"closed","ping_status":"closed","template":"","meta":{"ngg_post_thumbnail":0,"footnotes":""},"class_list":["post-115","page","type-page","status-publish","hentry"],"_links":{"self":[{"href":"https:\/\/sek-landsberg.de\/index.php?rest_route=\/wp\/v2\/pages\/115","targetHints":{"allow":["GET"]}}],"collection":[{"href":"https:\/\/sek-landsberg.de\/index.php?rest_route=\/wp\/v2\/pages"}],"about":[{"href":"https:\/\/sek-landsberg.de\/index.php?rest_route=\/wp\/v2\/types\/page"}],"author":[{"embeddable":true,"href":"https:\/\/sek-landsberg.de\/index.php?rest_route=\/wp\/v2\/users\/1"}],"replies":[{"embeddable":true,"href":"https:\/\/sek-landsberg.de\/index.php?rest_route=%2Fwp%2Fv2%2Fcomments&post=115"}],"version-history":[{"count":15,"href":"https:\/\/sek-landsberg.de\/index.php?rest_route=\/wp\/v2\/pages\/115\/revisions"}],"predecessor-version":[{"id":6477,"href":"https:\/\/sek-landsberg.de\/index.php?rest_route=\/wp\/v2\/pages\/115\/revisions\/6477"}],"up":[{"embeddable":true,"href":"https:\/\/sek-landsberg.de\/index.php?rest_route=\/wp\/v2\/pages\/91"}],"wp:attachment":[{"href":"https:\/\/sek-landsberg.de\/index.php?rest_route=%2Fwp%2Fv2%2Fmedia&parent=115"}],"curies":[{"name":"wp","href":"https:\/\/api.w.org\/{rel}","templated":true}]}}