{"id":119,"date":"2018-07-04T09:06:01","date_gmt":"2018-07-04T09:06:01","guid":{"rendered":"http:\/\/sek-landsberg.de\/?page_id=119"},"modified":"2020-12-15T20:30:44","modified_gmt":"2020-12-15T20:30:44","slug":"verkehrserziehung","status":"publish","type":"page","link":"https:\/\/sek-landsberg.de\/?page_id=119","title":{"rendered":"Verkehrserziehung"},"content":{"rendered":"<p><img loading=\"lazy\" decoding=\"async\" class=\"alignnone size-medium wp-image-776\" src=\"https:\/\/sek-landsberg.de\/wp-content\/uploads\/2018\/07\/verkehrserziehung181-300x144.jpg\" alt=\"\" width=\"300\" height=\"144\" srcset=\"https:\/\/sek-landsberg.de\/wp-content\/uploads\/2018\/07\/verkehrserziehung181-300x144.jpg 300w, https:\/\/sek-landsberg.de\/wp-content\/uploads\/2018\/07\/verkehrserziehung181-768x369.jpg 768w, https:\/\/sek-landsberg.de\/wp-content\/uploads\/2018\/07\/verkehrserziehung181-1024x492.jpg 1024w, https:\/\/sek-landsberg.de\/wp-content\/uploads\/2018\/07\/verkehrserziehung181.jpg 1150w\" sizes=\"auto, (max-width: 300px) 100vw, 300px\" \/><\/p>\n<p>Nach einem regnerischen Wochenende hatten wir am Montag, den 25.06.18, ziemliches Gl\u00fcck mit unserem Wetter, denn es hatte aufgeh\u00f6rt zu regnen und die Temperaturen stiegen im Laufe des Vormittags kr\u00e4ftig an, da die Sonne sich wieder h\u00e4ufiger zu zeigen begann.<\/p>\n<p>Zu unserem Verkehrstag hatten wir wieder verschiedene Organisationen eingeladen, die den Sch\u00fclern Verkehrssituationen unter verschiedenen Bedingungen erkl\u00e4ren konnten.<\/p>\n<p>So stellte der <strong>ADAC<\/strong> den 5. Klassen gef\u00e4hrliche Situationen im Stra\u00dfenverkehr vor und die Sch\u00fcler erfuhren hautnah etwas \u00fcber die Reaktionszeiten und Bremswege von Autos unter unterschiedlichen Bedingungen.<\/p>\n<p>Die <strong>Verkehrswacht Salzm\u00fcnde <\/strong>&nbsp;bot gleich 6 Stationen an, so ein Reaktionstestger\u00e4t, den Fahrradsimulator, den Fahrradparcours, die Simulation des Toten Winkels, die Rauschbrillen, den Fahrradhelmtest und ein Pedelec zum Ausprobieren f\u00fcr die Sch\u00fcler, was alle begeistert annahmen.<\/p>\n<p>Das <strong>DRK Landsberg <\/strong>stellte sein Rettungsfahrzeug vor und \u00fcbte mit den Kindern Verb\u00e4nde f\u00fcr bestimmte Unf\u00e4lle.<\/p>\n<p>Der <strong>OBS <\/strong>vermittelte den Kindern in einem eigens daf\u00fcr vorgefahrenen Bus das richtige Verhalten an der Bushaltestelle und im Bus.<\/p>\n<p>Eine Mitarbeiterin von <strong>Epperlein-Optik <\/strong>machte mit einigen Klassen Sehtests, die sp\u00e4ter auch f\u00fcr den Erwerb des F\u00fchrerscheins ben\u00f6tigt werden.<\/p>\n<p>2 Beamte der <strong>Polizei,<\/strong> erkl\u00e4rten an einer Station die Funktionsweise eines Geschwindigkeitsmessger\u00e4tes, und an einer weiteren Station ging es um das verkehrssichere Fahrrad. Die Sch\u00fcler hatten auch \u00fcberall die M\u00f6glichkeit Fragen zu stellen, die ihnen immer bereitwillig beantwortet wurden.<\/p>\n<p>Mit einem Gro\u00dfaufgebot waren verschiedene <strong>Feuerwehren der Ortsteile von Landsberg<\/strong> erschienen, die einerseits die Ausr\u00fcstung ihrer Fahrzeuge erkl\u00e4rten, aber auch spannende Vorf\u00fchrungen boten, z.B. die Simulation eines Fettbrandes , die Explosion von Spraydosen und das Zerschneiden eines Autos nach einem Unfall. Auch die Mitglieder der Jugendfeuerwehr Spickendorf&nbsp; zeigten einen eigenen L\u00f6schangriff.<\/p>\n<p>Bei allen genannten Organisationen m\u00f6chte ich mich, auch im Namen der Schulleitung, wieder recht herzlich f\u00fcr ihre Zeit, Ausdauer und Einsatzbereitschaft bedanken, denn so konnten die Kinder wieder einen&nbsp; spannenden, informativen und interessanten Vormittag erleben.<\/p>\n<p>M. Wittwer&nbsp;&nbsp;&nbsp;&nbsp;&nbsp;&nbsp;&nbsp;&nbsp;&nbsp;&nbsp;&nbsp;&nbsp;&nbsp;&nbsp;&nbsp;&nbsp;&nbsp;&nbsp;&nbsp;&nbsp;&nbsp;&nbsp;&nbsp;&nbsp;&nbsp;&nbsp;&nbsp;&nbsp;&nbsp;&nbsp;&nbsp;&nbsp;&nbsp;&nbsp;&nbsp;&nbsp;&nbsp;&nbsp;&nbsp;&nbsp;&nbsp;&nbsp;&nbsp;&nbsp;&nbsp;&nbsp;&nbsp;&nbsp;&nbsp;&nbsp;&nbsp;&nbsp;&nbsp;&nbsp;&nbsp;&nbsp;&nbsp;&nbsp;&nbsp;&nbsp;&nbsp;&nbsp;&nbsp;&nbsp;&nbsp;&nbsp;&nbsp;&nbsp;&nbsp;&nbsp;&nbsp;&nbsp;&nbsp;&nbsp;&nbsp;&nbsp;&nbsp;&nbsp;&nbsp;&nbsp;&nbsp;&nbsp;&nbsp;&nbsp;&nbsp;&nbsp;&nbsp;&nbsp;&nbsp;&nbsp;&nbsp;&nbsp;&nbsp; Projektverantwortliche<\/p>\nngg_shortcode_0_placeholder\n","protected":false},"excerpt":{"rendered":"<p>Nach einem regnerischen Wochenende hatten wir am Montag, den 25.06.18, ziemliches Gl\u00fcck mit unserem Wetter, denn es hatte aufgeh\u00f6rt zu regnen und die Temperaturen stiegen im Laufe des Vormittags kr\u00e4ftig an, da die Sonne sich [&hellip;]<\/p>\n","protected":false},"author":1,"featured_media":776,"parent":117,"menu_order":1,"comment_status":"closed","ping_status":"closed","template":"","meta":{"ngg_post_thumbnail":0,"footnotes":""},"class_list":["post-119","page","type-page","status-publish","has-post-thumbnail","hentry"],"_links":{"self":[{"href":"https:\/\/sek-landsberg.de\/index.php?rest_route=\/wp\/v2\/pages\/119","targetHints":{"allow":["GET"]}}],"collection":[{"href":"https:\/\/sek-landsberg.de\/index.php?rest_route=\/wp\/v2\/pages"}],"about":[{"href":"https:\/\/sek-landsberg.de\/index.php?rest_route=\/wp\/v2\/types\/page"}],"author":[{"embeddable":true,"href":"https:\/\/sek-landsberg.de\/index.php?rest_route=\/wp\/v2\/users\/1"}],"replies":[{"embeddable":true,"href":"https:\/\/sek-landsberg.de\/index.php?rest_route=%2Fwp%2Fv2%2Fcomments&post=119"}],"version-history":[{"count":5,"href":"https:\/\/sek-landsberg.de\/index.php?rest_route=\/wp\/v2\/pages\/119\/revisions"}],"predecessor-version":[{"id":3789,"href":"https:\/\/sek-landsberg.de\/index.php?rest_route=\/wp\/v2\/pages\/119\/revisions\/3789"}],"up":[{"embeddable":true,"href":"https:\/\/sek-landsberg.de\/index.php?rest_route=\/wp\/v2\/pages\/117"}],"wp:featuredmedia":[{"embeddable":true,"href":"https:\/\/sek-landsberg.de\/index.php?rest_route=\/wp\/v2\/media\/776"}],"wp:attachment":[{"href":"https:\/\/sek-landsberg.de\/index.php?rest_route=%2Fwp%2Fv2%2Fmedia&parent=119"}],"curies":[{"name":"wp","href":"https:\/\/api.w.org\/{rel}","templated":true}]}}