{"id":141,"date":"2018-07-04T09:18:05","date_gmt":"2018-07-04T09:18:05","guid":{"rendered":"http:\/\/sek-landsberg.de\/?page_id=141"},"modified":"2026-02-09T10:42:30","modified_gmt":"2026-02-09T10:42:30","slug":"impressum","status":"publish","type":"page","link":"https:\/\/sek-landsberg.de\/?page_id=141","title":{"rendered":"Impressum"},"content":{"rendered":"<h2>Kontakt<\/h2>\n<p>Sekundarschule Landsberg<br \/>\nBergstra\u00dfe 21<br \/>\n06188 Landsberg<\/p>\n<p><b>Telefon:<\/b> 034602-20390<br \/>\n<b>Telefax:<\/b> 034602-400757<\/p>\n<p><b>E-Mail:<\/b> Schulleitung: Frau Dany Hambach; Stellvertretung: Frau Grit Paasch<br \/>\nSekretariat <a target=\"_blank\" rel=\"noopener\">kontakt@sks-landsberg.bildung-lsa.de<\/a><\/p>\n<h2>Schultr\u00e4ger<\/h2>\n<p>Landkreis Saalekreis<br \/>\nDomplatz 9<br \/>\n06217 Merseburg, Stadt-Merseburg<\/p>\n<h2>Realisierung<\/h2>\n<p>Die Homepage wird von Frau Grit Paasch realisiert.<\/p>\n<h2>Datenschutz<\/h2>\n<p>Alle personenbezogenen Daten werden streng vertraulich behandelt. Die Weitergabe an Dritte erfolgt nicht.<\/p>\n<p>&nbsp;<\/p>\n<h2>Copyright<\/h2>\n<p>Die Inhalte dieser Internetseiten und alle Texte, Abbildungen, Layouts, Programmierungen (evt. Tondokumente, Videosequenzen,&#8230;) sind urheberrechtlich gesch\u00fctzt. Eine weitere Verwendung bedarf der schriftlichen Einwilligung. Dies gilt besonders f\u00fcr Vervielf\u00e4ltigung, Bearbeitung, (Mikroverfilmung, Einspeicherung in elektronische Systeme). Auf Strafvorschriften lt. StGB wird verwiesen.<\/p>\n<p>&nbsp;<\/p>\n<h2>Haftungsausschluss<\/h2>\n<p>Die Informationen, die Sie auf diesem Internetauftritt vorfinden, wurden nach bestem Wissen und Gewissen sorgf\u00e4ltig zusammengestellt und gepr\u00fcft. Es wird jedoch keine Gew\u00e4hr &#8211; weder ausdr\u00fccklich noch stillschweigend &#8211; f\u00fcr die Vollst\u00e4ndigkeit, Richtigkeit, Aktualit\u00e4t oder Qualit\u00e4t und jederzeitige Verf\u00fcgbarkeit der bereit gestellten Informationen \u00fcbernommen. In keinem Fall wird f\u00fcr Sch\u00e4den, die sich aus der Verwendung der abgerufenen Informationen ergeben, eine Haftung \u00fcbernommen.<\/p>\n<h2>Internetseiten dritter Anbieter \/ Links<\/h2>\n<p>Diese Internetseite enth\u00e4lt auch Links oder Verweise auf Internetauftritte Dritter. Diese Links zu den Internetauftritten Dritter stellen keine Zustimmung zu deren Inhalten durch den Herausgeber dar. Es wird keine Verantwortung f\u00fcr die Verf\u00fcgbarkeit oder den Inhalt solcher Internetauftritte \u00fcbernommen und keine Haftung f\u00fcr Sch\u00e4den oder Verletzungen, die aus der Nutzung &#8211; gleich welcher Art &#8211; solcher Inhalte entstehen. Mit den Links zu anderen Internetauftritten wird den Nutzern lediglich der Zugang zur Nutzung der Inhalte vermittelt. F\u00fcr illegale, fehlerhafte oder Inhalte und f\u00fcr Sch\u00e4den, die aus der Nutzung entstehen, haftet allein der Anbieter der Seite, auf welche verwiesen wurde.<\/p>\n","protected":false},"excerpt":{"rendered":"<p>Kontakt Sekundarschule Landsberg Bergstra\u00dfe 21 06188 Landsberg Telefon: 034602-20390 Telefax: 034602-400757 E-Mail: Schulleitung: Frau Dany Hambach; Stellvertretung: Frau Grit Paasch Sekretariat kontakt@sks-landsberg.bildung-lsa.de Schultr\u00e4ger Landkreis Saalekreis Domplatz 9 06217 Merseburg, Stadt-Merseburg Realisierung Die Homepage wird von [&hellip;]<\/p>\n","protected":false},"author":1,"featured_media":0,"parent":0,"menu_order":0,"comment_status":"closed","ping_status":"closed","template":"","meta":{"ngg_post_thumbnail":0,"footnotes":""},"class_list":["post-141","page","type-page","status-publish","hentry"],"_links":{"self":[{"href":"https:\/\/sek-landsberg.de\/index.php?rest_route=\/wp\/v2\/pages\/141","targetHints":{"allow":["GET"]}}],"collection":[{"href":"https:\/\/sek-landsberg.de\/index.php?rest_route=\/wp\/v2\/pages"}],"about":[{"href":"https:\/\/sek-landsberg.de\/index.php?rest_route=\/wp\/v2\/types\/page"}],"author":[{"embeddable":true,"href":"https:\/\/sek-landsberg.de\/index.php?rest_route=\/wp\/v2\/users\/1"}],"replies":[{"embeddable":true,"href":"https:\/\/sek-landsberg.de\/index.php?rest_route=%2Fwp%2Fv2%2Fcomments&post=141"}],"version-history":[{"count":6,"href":"https:\/\/sek-landsberg.de\/index.php?rest_route=\/wp\/v2\/pages\/141\/revisions"}],"predecessor-version":[{"id":6561,"href":"https:\/\/sek-landsberg.de\/index.php?rest_route=\/wp\/v2\/pages\/141\/revisions\/6561"}],"wp:attachment":[{"href":"https:\/\/sek-landsberg.de\/index.php?rest_route=%2Fwp%2Fv2%2Fmedia&parent=141"}],"curies":[{"name":"wp","href":"https:\/\/api.w.org\/{rel}","templated":true}]}}