{"id":52,"date":"2018-07-04T07:26:30","date_gmt":"2018-07-04T07:26:30","guid":{"rendered":"http:\/\/sek-landsberg.de\/?page_id=52"},"modified":"2025-11-11T11:20:25","modified_gmt":"2025-11-11T11:20:25","slug":"ueber-uns","status":"publish","type":"page","link":"https:\/\/sek-landsberg.de\/?page_id=52","title":{"rendered":"\u00dcber uns"},"content":{"rendered":"<h1>Sekundarschule &#8222;An der Doppelkapelle&#8220;<\/h1>\n<h2>Herzlich Willkommen!<\/h2>\n<p>auf der Website der Sekundarschule &#8222;An der Doppelkapelle&#8220; Landsberg.<\/p>\n<h2>Unser Motto<\/h2>\n<p>&#8222;Fit f\u00fcrs Leben und fit f\u00fcr den Beruf&#8220;<\/p>\n<h2>Die Sekundarschule &#8222;An der Doppelkapelle&#8220; stellt sich vor:<\/h2>\n<p>Wir sind 450 Sch\u00fcler aus den Ortschaften<br \/>\nLandsberg, Pei\u00dfen, Hohenthurm, Braschwitz, Z\u00f6beritz, Brachstedt, Niemberg, Oppin, G\u00fctz, Kneipe, Dammendorf, Schwerz, Spickendorf, Petersdorf, Gollma, Reinsdorf, Sietzsch, Bageritz, Queis. An unserer Schule unterrichten 35 Lehrer (davon drei F\u00f6rderschulp\u00e4dagoginnen), eine Beratungslehrerin und zwei Lehrkr\u00e4fte im Vorbereitungsdienst. Weiterhin arbeiten an unserer Schule ein Schulsozialarbeiter und drei p\u00e4dagogische Mitarbeiterinnen.<\/p>\n<p>Unsere Schule ist eine Sekundarschule. Es lernen an unserer Schule \u00fcberwiegend Sch\u00fcler, die den Realschulabschluss erwerben wollen. In einigen Klassen werden auch Sch\u00fcler unterrichtet, die den Hauptschulabschluss erreichen m\u00f6chten. Daneben lernen in Klasse 5 und 6 auch wenige Sch\u00fcler im gemeinsamen Unterricht.<\/p>\n<p><img loading=\"lazy\" decoding=\"async\" class=\"wp-image-47 aligncenter\" src=\"http:\/\/sek-landsberg.de\/wp-content\/uploads\/2018\/07\/karte_landsberg-300x182.gif\" alt=\"\" width=\"377\" height=\"229\"><\/p>\n","protected":false},"excerpt":{"rendered":"<p>Sekundarschule &#8222;An der Doppelkapelle&#8220; Herzlich Willkommen! auf der Website der Sekundarschule &#8222;An der Doppelkapelle&#8220; Landsberg. Unser Motto &#8222;Fit f\u00fcrs Leben und fit f\u00fcr den Beruf&#8220; Die Sekundarschule &#8222;An der Doppelkapelle&#8220; stellt sich vor: Wir sind [&hellip;]<\/p>\n","protected":false},"author":1,"featured_media":0,"parent":0,"menu_order":0,"comment_status":"closed","ping_status":"closed","template":"","meta":{"ngg_post_thumbnail":0,"footnotes":""},"class_list":["post-52","page","type-page","status-publish","hentry"],"_links":{"self":[{"href":"https:\/\/sek-landsberg.de\/index.php?rest_route=\/wp\/v2\/pages\/52","targetHints":{"allow":["GET"]}}],"collection":[{"href":"https:\/\/sek-landsberg.de\/index.php?rest_route=\/wp\/v2\/pages"}],"about":[{"href":"https:\/\/sek-landsberg.de\/index.php?rest_route=\/wp\/v2\/types\/page"}],"author":[{"embeddable":true,"href":"https:\/\/sek-landsberg.de\/index.php?rest_route=\/wp\/v2\/users\/1"}],"replies":[{"embeddable":true,"href":"https:\/\/sek-landsberg.de\/index.php?rest_route=%2Fwp%2Fv2%2Fcomments&post=52"}],"version-history":[{"count":4,"href":"https:\/\/sek-landsberg.de\/index.php?rest_route=\/wp\/v2\/pages\/52\/revisions"}],"predecessor-version":[{"id":6519,"href":"https:\/\/sek-landsberg.de\/index.php?rest_route=\/wp\/v2\/pages\/52\/revisions\/6519"}],"wp:attachment":[{"href":"https:\/\/sek-landsberg.de\/index.php?rest_route=%2Fwp%2Fv2%2Fmedia&parent=52"}],"curies":[{"name":"wp","href":"https:\/\/api.w.org\/{rel}","templated":true}]}}