{"id":55,"date":"2018-07-04T07:30:21","date_gmt":"2018-07-04T07:30:21","guid":{"rendered":"http:\/\/sek-landsberg.de\/?page_id=55"},"modified":"2025-11-11T11:10:40","modified_gmt":"2025-11-11T11:10:40","slug":"das-sind-wir","status":"publish","type":"page","link":"https:\/\/sek-landsberg.de\/?page_id=55","title":{"rendered":"Das sind wir"},"content":{"rendered":"<h2><img loading=\"lazy\" decoding=\"async\" class=\"size-medium wp-image-47 aligncenter\" src=\"http:\/\/sek-landsberg.de\/wp-content\/uploads\/2018\/07\/karte_landsberg-300x182.gif\" alt=\"\" width=\"450\" height=\"273\"><\/h2>\n<h2>Unser Motto<\/h2>\n<p><strong>\u201eFit f\u00fcrs Leben und fit f\u00fcr den Beruf&#8220;<\/strong><\/p>\n<h2><a name=\"6831889e3b080b503\"><\/a>Die Sekundarschule Landsberg stellt sich vor:<\/h2>\n<p>Wir sind 450 Sch\u00fcler aus den Ortschaften<br \/>\nLandsberg, Pei\u00dfen, Hohenthurm, Braschwitz, Z\u00f6beritz, Brachstedt, Niemberg, Oppin, G\u00fctz, Dammendorf, Schwerz, Spickendorf, Petersdorf, Gollma, Reinsdorf, Sietzsch, Bageritz, Queis. An unserer Schule unterrichten 35 Lehrer (davon zwei F\u00f6rderschulp\u00e4dagoginnen), eine Beratungslehrerin und vier Lehrkr\u00e4fte im Vorbereitungsdienst. Weiterhin arbeiten an unserer Schule eine Schulsozialarbeiterin und drei p\u00e4dagogische Mitarbeiterinnen. Wir werden in unserer Arbeit ebenfalls durch studentische Vertretungslehrer unterst\u00fctzt.<\/p>\n<h2><a name=\"6831889e3a0ce96b6\"><\/a>Wir wollen eine Schule schaffen<\/h2>\n<ul>\n<li>die kinderfreundlich ist<\/li>\n<li>in der wir uns (Sch\u00fcler, Lehrer und technisches Personal) wohl und geborgen f\u00fchlen<\/li>\n<li>in der es viele Handlungsm\u00f6glichkeiten gibt und<\/li>\n<li>die jeder Sch\u00fcler mit dem f\u00fcr ihn bestm\u00f6glichen Schulabschluss verl\u00e4sst.<\/li>\n<\/ul>\n<h2><a name=\"6831889e3a0e6b303\"><\/a>Wir wollen<\/h2>\n<ul>\n<li>durch aktive Werterziehung Kinder und Jugendliche bei ihrer Orientierung helfen,<\/li>\n<li>dass Sch\u00fcler ihre Lernarbeit selbst organisieren und den Unterricht als Angebot zum Wissenserwerb erkennen,<\/li>\n<li>dass Sch\u00fcler das Lernen als ihre wichtigste Aufgabe begreifen,<\/li>\n<li>dass Sch\u00fclern sich selbst Wissensquellen erschlie\u00dfen,<\/li>\n<li>dass Sch\u00fcler den Lehrer als Partner verstehen,<\/li>\n<li>dass Sch\u00fcler f\u00fcr das Leben und den Beruf optimal vorbereitet werden<\/li>\n<\/ul>\n<h2><a name=\"6831889e3a0e70a04\"><\/a>So wollen wir das erreichen<\/h2>\n<ul>\n<li>durch Ver\u00e4nderung der Lehrendenrolle<\/li>\n<li>durch St\u00e4rkung der Sch\u00fcleraktivit\u00e4ten im Unterrichtdurch Aktivit\u00e4ten der Eltern<\/li>\n<li>durch Weiterentwicklung des guten Schulklimas<\/li>\n<li>durch Ausbau von offenen Unterrichtsformen<\/li>\n<li>durch niveauvolle Freizeitgestaltung<\/li>\n<\/ul>\n","protected":false},"excerpt":{"rendered":"<p>Unser Motto \u201eFit f\u00fcrs Leben und fit f\u00fcr den Beruf&#8220; Die Sekundarschule Landsberg stellt sich vor: Wir sind 450 Sch\u00fcler aus den Ortschaften Landsberg, Pei\u00dfen, Hohenthurm, Braschwitz, Z\u00f6beritz, Brachstedt, Niemberg, Oppin, G\u00fctz, Dammendorf, Schwerz, Spickendorf, [&hellip;]<\/p>\n","protected":false},"author":1,"featured_media":796,"parent":52,"menu_order":0,"comment_status":"closed","ping_status":"closed","template":"","meta":{"ngg_post_thumbnail":0,"footnotes":""},"class_list":["post-55","page","type-page","status-publish","has-post-thumbnail","hentry"],"_links":{"self":[{"href":"https:\/\/sek-landsberg.de\/index.php?rest_route=\/wp\/v2\/pages\/55","targetHints":{"allow":["GET"]}}],"collection":[{"href":"https:\/\/sek-landsberg.de\/index.php?rest_route=\/wp\/v2\/pages"}],"about":[{"href":"https:\/\/sek-landsberg.de\/index.php?rest_route=\/wp\/v2\/types\/page"}],"author":[{"embeddable":true,"href":"https:\/\/sek-landsberg.de\/index.php?rest_route=\/wp\/v2\/users\/1"}],"replies":[{"embeddable":true,"href":"https:\/\/sek-landsberg.de\/index.php?rest_route=%2Fwp%2Fv2%2Fcomments&post=55"}],"version-history":[{"count":16,"href":"https:\/\/sek-landsberg.de\/index.php?rest_route=\/wp\/v2\/pages\/55\/revisions"}],"predecessor-version":[{"id":6513,"href":"https:\/\/sek-landsberg.de\/index.php?rest_route=\/wp\/v2\/pages\/55\/revisions\/6513"}],"up":[{"embeddable":true,"href":"https:\/\/sek-landsberg.de\/index.php?rest_route=\/wp\/v2\/pages\/52"}],"wp:featuredmedia":[{"embeddable":true,"href":"https:\/\/sek-landsberg.de\/index.php?rest_route=\/wp\/v2\/media\/796"}],"wp:attachment":[{"href":"https:\/\/sek-landsberg.de\/index.php?rest_route=%2Fwp%2Fv2%2Fmedia&parent=55"}],"curies":[{"name":"wp","href":"https:\/\/api.w.org\/{rel}","templated":true}]}}