{"id":626,"date":"2018-07-07T18:51:14","date_gmt":"2018-07-07T18:51:14","guid":{"rendered":"http:\/\/sek-landsberg.de\/?page_id=626"},"modified":"2021-07-12T08:57:35","modified_gmt":"2021-07-12T08:57:35","slug":"626-2","status":"publish","type":"page","link":"https:\/\/sek-landsberg.de\/?page_id=626","title":{"rendered":"Rund um den Schulbusverkehr"},"content":{"rendered":"<h2>\u00dcbersicht Buslinien OBS zur Sch\u00fclerbef\u00f6rderung<\/h2>\n<p>Mit nur 4 Klicks wird dort f\u00fcr jede Kombination Wohnort + Schule klar, wie die Schulwege im Fahrplan ber\u00fccksichtigt sind \u2013 morgens und (nach-)mittags, bisweilen in anderen Linien hin als zur\u00fcck.<\/p>\n<h3>Check Deine neue Schulbus- Verbindung im neuen Schuljahr ab 15. August 2019:<\/h3>\n<p><img loading=\"lazy\" decoding=\"async\" class=\"aligncenter wp-image-2357 size-medium\" src=\"https:\/\/sek-landsberg.de\/wp-content\/uploads\/2019\/07\/1989EA34-CCBE-4D87-B459-B7E95D4EDEA6-300x294.jpeg\" alt=\"\" width=\"300\" height=\"294\" srcset=\"https:\/\/sek-landsberg.de\/wp-content\/uploads\/2019\/07\/1989EA34-CCBE-4D87-B459-B7E95D4EDEA6-300x294.jpeg 300w, https:\/\/sek-landsberg.de\/wp-content\/uploads\/2019\/07\/1989EA34-CCBE-4D87-B459-B7E95D4EDEA6-768x752.jpeg 768w, https:\/\/sek-landsberg.de\/wp-content\/uploads\/2019\/07\/1989EA34-CCBE-4D87-B459-B7E95D4EDEA6-1024x1003.jpeg 1024w, https:\/\/sek-landsberg.de\/wp-content\/uploads\/2019\/07\/1989EA34-CCBE-4D87-B459-B7E95D4EDEA6-60x60.jpeg 60w, https:\/\/sek-landsberg.de\/wp-content\/uploads\/2019\/07\/1989EA34-CCBE-4D87-B459-B7E95D4EDEA6.jpeg 1242w\" sizes=\"auto, (max-width: 300px) 100vw, 300px\" \/><br \/>\n<a href=\"https:\/\/www.mein-bus.net\/linienverkehr\/landkreis- saalekreis\/schuelerrelationen\/index.htmll\">https:\/\/www.mein-bus.net\/linienverkehr\/landkreis- saalekreis\/schuelerrelationen\/index.html<\/a><\/p>\n<p>Gute Fahrt! Deine OBS<\/p>\n<p>Die Fahrpl\u00e4ne der OBS Omnibusbetrieb Saalekreis GmbH kann man hier bzw. auf der Homepage <em><a href=\"https:\/\/www.obs-bus.de\/obsweb\/?page_id=484\">https:\/\/www.obs-bus.de\/obsweb\/?page_id=484<\/a><\/em> .<\/p>\n<p>F\u00fcr alle bef\u00f6rderungspflichtigen Sch\u00fcler im Saalekreis wurde auch f\u00fcr Sch\u00fcler eine neu ausgerichtete Verbindungsauskunft unter <em><a href=\"https:\/\/www.obs-bus.de\/obsweb\/?page_id=4105\">https:\/\/www.obs-bus.de\/obsweb\/?page_id=4105<\/a><\/em> eingerichtet.<\/p>\n<p>F\u00fcr Fragen zum Fahrplan steht das Service-B\u00fcro am ZOB in Halle unter 0345 \/ 555 22 10 oder per Mail an <a href=\"mailto:bahnhof@obs-bus.de\">bahnhof@obs-bus.de<\/a> zur Verf\u00fcgung.<\/p>\n<p>Linie 345 hin und zur\u00fcck:&nbsp;<a href=\"https:\/\/sek-landsberg.de\/wp-content\/uploads\/2021\/07\/345_2021-09-02.pdf\">345_2021-09-02<\/a> (g\u00fcltig ab 02.09.2021)<br \/>\nLinie 346 hin und zur\u00fcck:&nbsp;&nbsp;<a href=\"https:\/\/sek-landsberg.de\/wp-content\/uploads\/2021\/07\/346_2021-09-02.pdf\">346_2021-09-02<\/a> (g\u00fcltig ab 02.09.2021)<br \/>\nLinie 347 hin und zur\u00fcck:&nbsp;&nbsp;<a href=\"https:\/\/sek-landsberg.de\/wp-content\/uploads\/2021\/07\/347_2021-09-02.pdf\">347_2021-09-02<\/a> (g\u00fcltig ab 02.09.2021)<br \/>\nLinie 351 hin und zur\u00fcck: &nbsp;<a href=\"https:\/\/sek-landsberg.de\/wp-content\/uploads\/2021\/07\/351_2021-09-02.pdf\">351_2021-09-02<\/a> (g\u00fcltig ab 02.09.2021)<br \/>\nLinie 352 hin und zur\u00fcck: <a href=\"https:\/\/sek-landsberg.de\/wp-content\/uploads\/2021\/07\/352_2021-09-02.pdf\">352_2021-09-02<\/a> (g\u00fcltig ab 02.09.2021)&nbsp;<br \/>\nLinie 353 hin und zur\u00fcck:&nbsp;&nbsp;<a href=\"https:\/\/sek-landsberg.de\/wp-content\/uploads\/2021\/07\/353_2021-09-02.pdf\">353_2021-09-02<\/a> (g\u00fcltig ab 02.09.2021)<br \/>\nLinie 355 hin und zur\u00fcck: <a href=\"https:\/\/sek-landsberg.de\/wp-content\/uploads\/2021\/07\/355_2021-09-02.pdf\">355_2021-09-02<\/a> (g\u00fcltig ab 02.09.2021)<br \/>\nLinie 356 hin und zur\u00fcck:&nbsp;<a href=\"https:\/\/sek-landsberg.de\/wp-content\/uploads\/2021\/07\/356_2021-09-02.pdf\">356_2021-09-02<\/a> (g\u00fcltig ab 02.09.2021)<br \/>\nLinie 363 hin und zur\u00fcck:&nbsp;<a href=\"https:\/\/sek-landsberg.de\/wp-content\/uploads\/2021\/07\/363_2021-09-02.pdf\">363_2021-09-02<\/a> (g\u00fcltig ab 02.09.2021)<\/p>\n<h2>Schulbusregeln<\/h2>\n<p><a href=\"http:\/\/sek-landsberg.de\/wp-content\/uploads\/2018\/07\/schulbusregeln.pdf\">Schulbusregeln<\/a><\/p>\n<h2>Flyer f\u00fcr die UmweltCard Junior<\/h2>\n<p><a href=\"http:\/\/sek-landsberg.de\/wp-content\/uploads\/2018\/07\/flyer_umweltcard_junior_s1.pdf\">Flyer Umweltcard Junior Seite 1<\/a><br \/>\n<a href=\"http:\/\/sek-landsberg.de\/wp-content\/uploads\/2018\/07\/flyer_umweltcard_junior_s2.pdf\">Flyer Umweltcard Junior Seite 2<\/a><\/p>\n<h2>Hinweise zur Nutzung von Sch\u00fclerfahrkarten<\/h2>\n<p>g\u00fctig ab 27.08.2015<\/p>\n<p><a href=\"http:\/\/sek-landsberg.de\/wp-content\/uploads\/2018\/07\/hinweise_nutzung_schuelerfahrkarten.pdf\">Hinweise zur Nutzung der Sch\u00fclerfahrkarten<\/a><\/p>\n<h2>Satzung zur Sch\u00fclerbef\u00f6rderung 2014<\/h2>\n<p>Hier k\u00f6nnen Sie die ab dem Jahr 2014 g\u00fctige Satzung zur Sch\u00fclerbef\u00f6rderung des Saalekreises herunterladen.<\/p>\n<p><a href=\"http:\/\/sek-landsberg.de\/wp-content\/uploads\/2018\/07\/schuelerbefoerderungssatzung2014.pdf\">Sch\u00fclerbef\u00f6rderungssatzung<\/a><\/p>\n<h2>Sch\u00fclerbef\u00f6rderung<\/h2>\n<p>Amtliche Information zu wetterbedingten Beeintr\u00e4chtigungen bei der Sch\u00fclerbef\u00f6rderung \u00fcber die Homepage des Landkreises Saalekreis<\/p>\n<p><a href=\"http:\/\/www.saalekreis.de\/de\/pressearchiv\/informationen-zur-schuelerbefoerderung-20005242.html\">http:\/\/www.saalekreis.de<\/a>&nbsp;<\/p>\n<p>&nbsp;<\/p>\n","protected":false},"excerpt":{"rendered":"<p>\u00dcbersicht Buslinien OBS zur Sch\u00fclerbef\u00f6rderung Mit nur 4 Klicks wird dort f\u00fcr jede Kombination Wohnort + Schule klar, wie die Schulwege im Fahrplan ber\u00fccksichtigt sind \u2013 morgens und (nach-)mittags, bisweilen in anderen Linien hin als [&hellip;]<\/p>\n","protected":false},"author":1,"featured_media":3857,"parent":143,"menu_order":0,"comment_status":"closed","ping_status":"closed","template":"","meta":{"ngg_post_thumbnail":0,"footnotes":""},"class_list":["post-626","page","type-page","status-publish","has-post-thumbnail","hentry"],"_links":{"self":[{"href":"https:\/\/sek-landsberg.de\/index.php?rest_route=\/wp\/v2\/pages\/626","targetHints":{"allow":["GET"]}}],"collection":[{"href":"https:\/\/sek-landsberg.de\/index.php?rest_route=\/wp\/v2\/pages"}],"about":[{"href":"https:\/\/sek-landsberg.de\/index.php?rest_route=\/wp\/v2\/types\/page"}],"author":[{"embeddable":true,"href":"https:\/\/sek-landsberg.de\/index.php?rest_route=\/wp\/v2\/users\/1"}],"replies":[{"embeddable":true,"href":"https:\/\/sek-landsberg.de\/index.php?rest_route=%2Fwp%2Fv2%2Fcomments&post=626"}],"version-history":[{"count":17,"href":"https:\/\/sek-landsberg.de\/index.php?rest_route=\/wp\/v2\/pages\/626\/revisions"}],"predecessor-version":[{"id":4148,"href":"https:\/\/sek-landsberg.de\/index.php?rest_route=\/wp\/v2\/pages\/626\/revisions\/4148"}],"up":[{"embeddable":true,"href":"https:\/\/sek-landsberg.de\/index.php?rest_route=\/wp\/v2\/pages\/143"}],"wp:featuredmedia":[{"embeddable":true,"href":"https:\/\/sek-landsberg.de\/index.php?rest_route=\/wp\/v2\/media\/3857"}],"wp:attachment":[{"href":"https:\/\/sek-landsberg.de\/index.php?rest_route=%2Fwp%2Fv2%2Fmedia&parent=626"}],"curies":[{"name":"wp","href":"https:\/\/api.w.org\/{rel}","templated":true}]}}