{"id":6437,"date":"2025-02-21T06:42:21","date_gmt":"2025-02-21T06:42:21","guid":{"rendered":"https:\/\/sek-landsberg.de\/?page_id=6437"},"modified":"2025-02-21T07:35:24","modified_gmt":"2025-02-21T07:35:24","slug":"foerderung","status":"publish","type":"page","link":"https:\/\/sek-landsberg.de\/?page_id=6437","title":{"rendered":"F\u00f6rderung"},"content":{"rendered":"<p>Die Schule erh\u00e4lt Zuwendungen im Rahmen der <a href=\"https:\/\/www.bildung-saalekreis.de\/de\/itfoerderung-an-schulen.html\">IKT-Richtlinien des Landes Sachsen-Anhalt<\/a>. Bewilligt wurde ein nicht r\u00fcckzahlbarer Zuschuss in H\u00f6he von insgesamt 59.492,86 \u20ac f\u00fcr 2023 sowie 59.868,90 \u20ac f\u00fcr 2024. Das Vorhaben wird im Rahmen des Entwicklungsprogramms f\u00fcr den l\u00e4ndlichen Raum des Landes Sachsen-Anhalt und nach den Regularien des Europ\u00e4ischen Landwirtschaftsfonds zur Entwicklung des l\u00e4ndlichen Raums (ELER) gef\u00f6rdert. Mit der Zuwendung wird die medientechnische Ausstattung der Schule um Pr\u00e4sentations- und Arbeitsplatztechnik erweitert.<\/p>\n","protected":false},"excerpt":{"rendered":"<p>Die Schule erh\u00e4lt Zuwendungen im Rahmen der IKT-Richtlinien des Landes Sachsen-Anhalt. Bewilligt wurde ein nicht r\u00fcckzahlbarer Zuschuss in H\u00f6he von insgesamt 59.492,86 \u20ac f\u00fcr 2023 sowie 59.868,90 \u20ac f\u00fcr 2024. Das Vorhaben wird im Rahmen [&hellip;]<\/p>\n","protected":false},"author":5,"featured_media":6440,"parent":91,"menu_order":0,"comment_status":"closed","ping_status":"closed","template":"","meta":{"ngg_post_thumbnail":0,"footnotes":""},"class_list":["post-6437","page","type-page","status-publish","has-post-thumbnail","hentry"],"_links":{"self":[{"href":"https:\/\/sek-landsberg.de\/index.php?rest_route=\/wp\/v2\/pages\/6437","targetHints":{"allow":["GET"]}}],"collection":[{"href":"https:\/\/sek-landsberg.de\/index.php?rest_route=\/wp\/v2\/pages"}],"about":[{"href":"https:\/\/sek-landsberg.de\/index.php?rest_route=\/wp\/v2\/types\/page"}],"author":[{"embeddable":true,"href":"https:\/\/sek-landsberg.de\/index.php?rest_route=\/wp\/v2\/users\/5"}],"replies":[{"embeddable":true,"href":"https:\/\/sek-landsberg.de\/index.php?rest_route=%2Fwp%2Fv2%2Fcomments&post=6437"}],"version-history":[{"count":2,"href":"https:\/\/sek-landsberg.de\/index.php?rest_route=\/wp\/v2\/pages\/6437\/revisions"}],"predecessor-version":[{"id":6444,"href":"https:\/\/sek-landsberg.de\/index.php?rest_route=\/wp\/v2\/pages\/6437\/revisions\/6444"}],"up":[{"embeddable":true,"href":"https:\/\/sek-landsberg.de\/index.php?rest_route=\/wp\/v2\/pages\/91"}],"wp:featuredmedia":[{"embeddable":true,"href":"https:\/\/sek-landsberg.de\/index.php?rest_route=\/wp\/v2\/media\/6440"}],"wp:attachment":[{"href":"https:\/\/sek-landsberg.de\/index.php?rest_route=%2Fwp%2Fv2%2Fmedia&parent=6437"}],"curies":[{"name":"wp","href":"https:\/\/api.w.org\/{rel}","templated":true}]}}