{"id":83,"date":"2018-07-04T08:38:19","date_gmt":"2018-07-04T08:38:19","guid":{"rendered":"http:\/\/sek-landsberg.de\/?page_id=83"},"modified":"2024-07-29T17:06:05","modified_gmt":"2024-07-29T17:06:05","slug":"lehrer","status":"publish","type":"page","link":"https:\/\/sek-landsberg.de\/?page_id=83","title":{"rendered":"Lehrer und Betreuungskr\u00e4fte"},"content":{"rendered":"<p align=\"justify\">An unserer Schule unterrichten 37 Lehrer (davon 2 F\u00f6rderschulp\u00e4dagoginnen), eine Beratungslehrerin und zwei Lehrkr\u00e4fte im Vorbereitungsdienst. Weiterhin arbeiten drei p\u00e4dagogische Mitarbeiterinnen und eine Schulverwaltungsassistentin an unserer Schule.<\/p>\n<p align=\"justify\">Um mit den Lehrkr\u00e4ften bei Anfragen in Kontakt treten zu k\u00f6nnen, stellen wir Ihnen auf dieser Seite die entsprechenden dienstlichen E-Mailadressen bereit.<\/p>\n<p style=\"padding-left: 40px;\">\n<table id=\"tablepress-5\" class=\"tablepress tablepress-id-5\">\n<thead>\n<tr class=\"row-1\">\n\t<th class=\"column-1\">Lehrer<\/th><th class=\"column-2\">F\u00e4cher<\/th><th class=\"column-3\">Dienstliche E-Mailadresse<\/th><th class=\"column-4\">sonstiger<br \/>\nAufgabenbereich<\/th>\n<\/tr>\n<\/thead>\n<tbody class=\"row-striping row-hover\">\n<tr class=\"row-2\">\n\t<td class=\"column-1\">Herr Abt<\/td><td class=\"column-2\">Geografie<\/td><td class=\"column-3\"><a href=\"mailto:h.abt@sks-landsberg.bildung-lsa.de\">h.abt@sks-landsberg.bildung-lsa.de<\/a><\/td><td class=\"column-4\"><\/td>\n<\/tr>\n<tr class=\"row-3\">\n\t<td class=\"column-1\">Herr Ahlert<\/td><td class=\"column-2\">Sport, Ethik<\/td><td class=\"column-3\"><a href=\"mailto:p.ahlert@sks-landsberg.bildung-lsa.de\">p.ahlert@sks-landsberg.bildung-lsa.de<\/a><\/td><td class=\"column-4\">FSL Sport<\/td>\n<\/tr>\n<tr class=\"row-4\">\n\t<td class=\"column-1\">Frau Apel<\/td><td class=\"column-2\">Englisch<\/td><td class=\"column-3\"><\/td><td class=\"column-4\"><\/td>\n<\/tr>\n<tr class=\"row-5\">\n\t<td class=\"column-1\">Frau Baumg\u00e4rtner<\/td><td class=\"column-2\">Mathematik, Chemie<\/td><td class=\"column-3\"><a href=\"mailto:g.baumgaertner@sks-landsberg.bildung-lsa.de\">g.baumgaertner@sks-landsberg.bildung-lsa.de<\/a><\/td><td class=\"column-4\">F\u00f6rderverein<\/td>\n<\/tr>\n<tr class=\"row-6\">\n\t<td class=\"column-1\">Frau Blauert-Wendt<\/td><td class=\"column-2\">Mathematik, Physik<\/td><td class=\"column-3\"><a href=\"mailto:y.wendt@sks-landsberg.bildung-lsa.de\">y.wendt@sks-landsberg.bildung-lsa.de<\/a><\/td><td class=\"column-4\"><\/td>\n<\/tr>\n<tr class=\"row-7\">\n\t<td class=\"column-1\">Frau Bregar<\/td><td class=\"column-2\">Englisch, Biologie<\/td><td class=\"column-3\"><a href=\"mailto:dbregar@sks-landsberg.bildung-lsa.de\">dbregar@sks-landsberg.bildung-lsa.de<\/a><\/td><td class=\"column-4\">FSL Fremdsprachen<\/td>\n<\/tr>\n<tr class=\"row-8\">\n\t<td class=\"column-1\">Frau Cordes<\/td><td class=\"column-2\">LiV Franz\u00f6sisch, Religion<\/td><td class=\"column-3\"><\/td><td class=\"column-4\"><\/td>\n<\/tr>\n<tr class=\"row-9\">\n\t<td class=\"column-1\">Frau Bruder<\/td><td class=\"column-2\">Schulverwaltungsassistentin<\/td><td class=\"column-3\"><a href=\"mailto:m.bruder@sks-landsberg.bildung-lsa.de\">m.bruder@sks-landsberg.bildung-lsa.de<\/a><\/td><td class=\"column-4\"><\/td>\n<\/tr>\n<tr class=\"row-10\">\n\t<td class=\"column-1\">Herr Derheim<\/td><td class=\"column-2\">Physik, Chemie<\/td><td class=\"column-3\"><a href=\"mailto:a.derheim@sks-landsberg.bildung-lsa.de\">a.derheim@sks-landsberg.bildung-lsa.de<\/a><\/td><td class=\"column-4\"><\/td>\n<\/tr>\n<tr class=\"row-11\">\n\t<td class=\"column-1\">Frau Dietrich <\/td><td class=\"column-2\">F\u00f6rderschulbereich, Englisch<\/td><td class=\"column-3\"><a href=\"mailto:v.dietrich@sks-landsberg.bildung-lsa.de\">v.dietrich@sks-landsberg.bildung-lsa.de<\/a><\/td><td class=\"column-4\">JGTL 9\/10<\/td>\n<\/tr>\n<tr class=\"row-12\">\n\t<td class=\"column-1\">Herr Domke  <\/td><td class=\"column-2\">Geografie, Biologie<\/td><td class=\"column-3\"><a href=\"mailto:p.domke@sks-landsberg.bildung-lsa.de\">p.domke@sks-landsberg.bildung-lsa.de<\/a><\/td><td class=\"column-4\">Ganztagskoordinator<\/td>\n<\/tr>\n<tr class=\"row-13\">\n\t<td class=\"column-1\">Frau Eismann<\/td><td class=\"column-2\">Russisch, Englisch<\/td><td class=\"column-3\"><a href=\"mailto:k.eismann@sks-landsberg.bildung-lsa.de\">k.eismann@sks-landsberg.bildung-lsa.de<\/a><\/td><td class=\"column-4\"><\/td>\n<\/tr>\n<tr class=\"row-14\">\n\t<td class=\"column-1\">Frau Feige<\/td><td class=\"column-2\">LiV, Deutsch, Geografie<\/td><td class=\"column-3\"><a href=\"mailto:m.feige@sks-landsberg.bildung-lsa.de\">m.feige@sks-landsberg.bildung-lsa.de<\/a><\/td><td class=\"column-4\"><\/td>\n<\/tr>\n<tr class=\"row-15\">\n\t<td class=\"column-1\">Frau Feyen<\/td><td class=\"column-2\">Musik<\/td><td class=\"column-3\"><a href=\"mailto:i.feyen@sks-landsberg.bildung-lsa.de\">i.feyen@sks-landsberg.bildung-lsa.de<\/a><\/td><td class=\"column-4\"><\/td>\n<\/tr>\n<tr class=\"row-16\">\n\t<td class=\"column-1\">Herr F\u00f6rste<\/td><td class=\"column-2\">Sport, Geschichte<\/td><td class=\"column-3\"><a href=\"mailto:h.foerste@sks-landsberg.bildung-lsa.de\">h.foerste@sks-landsberg.bildung-lsa.de<\/a><\/td><td class=\"column-4\"><\/td>\n<\/tr>\n<tr class=\"row-17\">\n\t<td class=\"column-1\">Frau Fuchs<\/td><td class=\"column-2\">LiV, Ethik, Mathematik<\/td><td class=\"column-3\"><a href=\"mailto:m.fuchs@sks-landsberg.bildung-lsa.de\">m.fuchs@sks-landsberg.bildung-lsa.de<\/a><\/td><td class=\"column-4\"><\/td>\n<\/tr>\n<tr class=\"row-18\">\n\t<td class=\"column-1\">Frau Gerlach-Schr\u00f6der<\/td><td class=\"column-2\">P\u00e4dagogische Mitarbeiterin<\/td><td class=\"column-3\"><a href=\"mailto:n.gerlach-schroeder@sks-landsberg.bildung-lsa.de\">n.gerlach-schroeder@sks-landsberg.bildung-lsa.de<\/a><\/td><td class=\"column-4\"><\/td>\n<\/tr>\n<tr class=\"row-19\">\n\t<td class=\"column-1\">Frau Grothe<\/td><td class=\"column-2\">Beratungslehrerin<\/td><td class=\"column-3\"><a href=\"mailto:katrin.grothe@lscha.mb.sachsen-anhalt.de\">katrin.grothe@lscha.mb.sachsen-anhalt.de<\/a><\/td><td class=\"column-4\"><\/td>\n<\/tr>\n<tr class=\"row-20\">\n\t<td class=\"column-1\">Frau Hambach<\/td><td class=\"column-2\">Mathematik, Chemie<\/td><td class=\"column-3\"><a href=\"mailto:d.hambach@sks-landsberg.bildung-lsa.de\">d.hambach@sks-landsberg.bildung-lsa.de<\/a><\/td><td class=\"column-4\">Schulleiterin<\/td>\n<\/tr>\n<tr class=\"row-21\">\n\t<td class=\"column-1\">Frau Hauck<\/td><td class=\"column-2\">LiV, Deutsch, Ethik<\/td><td class=\"column-3\"><\/td><td class=\"column-4\"><\/td>\n<\/tr>\n<tr class=\"row-22\">\n\t<td class=\"column-1\">Frau Heese<\/td><td class=\"column-2\">p\u00e4dagogische Mitarbeiterin<\/td><td class=\"column-3\"><a href=\"mailto:heese.jane@sks-landsberg.bildung-lsa.de\">heese.jane@sks-landsberg.bildung-lsa.de<\/a><\/td><td class=\"column-4\"><\/td>\n<\/tr>\n<tr class=\"row-23\">\n\t<td class=\"column-1\">Frau J\u00e4schke<\/td><td class=\"column-2\">Deutsch, Kunst<\/td><td class=\"column-3\"><a href=\"mailto:a.jaeschke@sks-landsberg.bildung-lsa.de\">a.jaeschke@sks-landsberg.bildung-lsa.de<\/a><\/td><td class=\"column-4\"><\/td>\n<\/tr>\n<tr class=\"row-24\">\n\t<td class=\"column-1\">Frau Kottek<\/td><td class=\"column-2\">Mathematik, Physik<\/td><td class=\"column-3\"><a href=\"mailto:m.kottek@sks-landsberg.bildung-lsa.de\">m.kottek@sks-landsberg.bildung-lsa.de<\/a><\/td><td class=\"column-4\"><\/td>\n<\/tr>\n<tr class=\"row-25\">\n\t<td class=\"column-1\">Frau K\u00fchne<\/td><td class=\"column-2\">Englisch, Biologie<\/td><td class=\"column-3\"><a href=\"mailto:m.kuehne@sks-landsberg.bildung-lsa.de\">m.kuehne@sks-landsberg.bildung-lsa.de<\/a><\/td><td class=\"column-4\"><\/td>\n<\/tr>\n<tr class=\"row-26\">\n\t<td class=\"column-1\">Herr Kunze<\/td><td class=\"column-2\">Geschichte, Ethik<\/td><td class=\"column-3\"><\/td><td class=\"column-4\"><\/td>\n<\/tr>\n<tr class=\"row-27\">\n\t<td class=\"column-1\">Herr Kupski<\/td><td class=\"column-2\">Deutsch, geschichte<\/td><td class=\"column-3\"><a href=\"mailto:nils.kupski@student.uni-halle.de\">nils.kupski@student.uni-halle.de<\/a><\/td><td class=\"column-4\"><\/td>\n<\/tr>\n<tr class=\"row-28\">\n\t<td class=\"column-1\">Frau Lebedeva<\/td><td class=\"column-2\">Hauswirtschaft, Religion<\/td><td class=\"column-3\"><a href=\"mailto:o.lebedeva@sks-hoehnstedt.bildung-lsa.de\">o.lebedeva@sks-hoehnstedt.bildung-lsa.de<\/a><\/td><td class=\"column-4\"><\/td>\n<\/tr>\n<tr class=\"row-29\">\n\t<td class=\"column-1\">Frau Metzner-Kaiser<\/td><td class=\"column-2\">p\u00e4dagogische Mitarbeiterin<\/td><td class=\"column-3\"><a href=\"mailto:c.brosinski@sks-landsberg.bildung-lsa.de\">c.brosinski@sks-landsberg.bildung-lsa.de<\/a><\/td><td class=\"column-4\"><\/td>\n<\/tr>\n<tr class=\"row-30\">\n\t<td class=\"column-1\">Frau Michaelis<\/td><td class=\"column-2\">Deutsch, Kunst<\/td><td class=\"column-3\"><a href=\"mailto:s.michaelis@sks-landsberg.bildung-lsa.de\">s.michaelis@sks-landsberg.bildung-lsa.de<\/a><\/td><td class=\"column-4\"><\/td>\n<\/tr>\n<tr class=\"row-31\">\n\t<td class=\"column-1\">Frau Paasch<\/td><td class=\"column-2\">Mathematik, Chemie<\/td><td class=\"column-3\"><a href=\"mailto:g.paasch@sks-landsberg.bildung-lsa.de\">g.paasch@sks-landsberg.bildung-lsa.de<\/a><\/td><td class=\"column-4\">stellvertretende Schulleiterin, Webmaster,<br \/>\nF\u00f6rderverein<\/td>\n<\/tr>\n<tr class=\"row-32\">\n\t<td class=\"column-1\">Frau Paul<\/td><td class=\"column-2\">Englisch, Deutsch<\/td><td class=\"column-3\"><a href=\"mailto:c.paul@sks-landsberg.bildung-lsa.de\">c.paul@sks-landsberg.bildung-lsa.de<\/a><\/td><td class=\"column-4\"><\/td>\n<\/tr>\n<tr class=\"row-33\">\n\t<td class=\"column-1\">Frau Pusch<\/td><td class=\"column-2\">Ethik, <br \/>\nF\u00f6rderschulbereich<\/td><td class=\"column-3\"><a href=\"mailto:s.pusch@sks-landsberg.bildung-lsa.de\">s.pusch@sks-landsberg.bildung-lsa.de<\/a><\/td><td class=\"column-4\"><\/td>\n<\/tr>\n<tr class=\"row-34\">\n\t<td class=\"column-1\">Herr Scholz<\/td><td class=\"column-2\">Ethik, Sozialkunde<\/td><td class=\"column-3\"><a href=\"mailto:f.scholz@sks-landsberg.bildung-lsa.de\">f.scholz@sks-landsberg.bildung-lsa.de<\/a><\/td><td class=\"column-4\"><\/td>\n<\/tr>\n<tr class=\"row-35\">\n\t<td class=\"column-1\">Herr Schwarz<\/td><td class=\"column-2\">Deutsch, Wirtschaft, Hauswirtschaft<\/td><td class=\"column-3\"><a href=\"mailto:jensschwarz@sks-landsberg.bildung-lsa.de\">jensschwarz@sks-landsberg.bildung-lsa.de<\/a><\/td><td class=\"column-4\"><\/td>\n<\/tr>\n<tr class=\"row-36\">\n\t<td class=\"column-1\">Herr Spr\u00f6te<\/td><td class=\"column-2\">Sport, Biologie<\/td><td class=\"column-3\"><\/td><td class=\"column-4\"><\/td>\n<\/tr>\n<tr class=\"row-37\">\n\t<td class=\"column-1\">Herr Stroemer<\/td><td class=\"column-2\">Technik, Wirtschaft, Kunsterziehung<\/td><td class=\"column-3\"><a href=\"mailto:m.stroemer@sks-landsberg.bildung-lsa.de\">m.stroemer@sks-landsberg.bildung-lsa.de<\/a><\/td><td class=\"column-4\">PLT Klasse 8<\/td>\n<\/tr>\n<tr class=\"row-38\">\n\t<td class=\"column-1\">Herr Sydow<\/td><td class=\"column-2\">Technik, Wirtschaft<\/td><td class=\"column-3\"><a href=\"mailto:f.sydow@sks-landsberg.bildung-lsa.de\">f.sydow@sks-landsberg.bildung-lsa.de<\/a><\/td><td class=\"column-4\">PLT Klasse 9<\/td>\n<\/tr>\n<tr class=\"row-39\">\n\t<td class=\"column-1\">Frau Tafzi<\/td><td class=\"column-2\">Deutsch, Englisch<\/td><td class=\"column-3\"><a href=\"mailto:c.tafzi@sks-landsberg.bildung-lsa.de\">c.tafzi@sks-landsberg.bildung-lsa.de<\/a><\/td><td class=\"column-4\"><\/td>\n<\/tr>\n<tr class=\"row-40\">\n\t<td class=\"column-1\">Frau Vogler<\/td><td class=\"column-2\">Mathematik, Physik<\/td><td class=\"column-3\"><a href=\"mailto:c.vogler@sks-landsberg.bildung-lsa.de\">c.vogler@sks-landsberg.bildung-lsa.de<\/a><\/td><td class=\"column-4\">FSL Mathematik\/Physik<\/td>\n<\/tr>\n<tr class=\"row-41\">\n\t<td class=\"column-1\">Frau Weber<\/td><td class=\"column-2\">Kunst, Franz\u00f6sisch<\/td><td class=\"column-3\"><a href=\"mailto:a.weber@sks-landsberg.bildung-lsa.de\">a.weber@sks-landsberg.bildung-lsa.de<\/a><\/td><td class=\"column-4\"><\/td>\n<\/tr>\n<tr class=\"row-42\">\n\t<td class=\"column-1\">Frau Wirth<\/td><td class=\"column-2\">Deutsch, Geschichte<\/td><td class=\"column-3\"><a href=\"mailto:j.walter@sks-landsberg.bildung-lsa.de\">j.wirth@sks-landsberg.bildung-lsa.de<\/a><\/td><td class=\"column-4\">FSL Deu,<\/td>\n<\/tr>\n<\/tbody>\n<\/table>\n<!-- #tablepress-5 from cache --><\/p>\n","protected":false},"excerpt":{"rendered":"<p>An unserer Schule unterrichten 37 Lehrer (davon 2 F\u00f6rderschulp\u00e4dagoginnen), eine Beratungslehrerin und zwei Lehrkr\u00e4fte im Vorbereitungsdienst. Weiterhin arbeiten drei p\u00e4dagogische Mitarbeiterinnen und eine Schulverwaltungsassistentin an unserer Schule. Um mit den Lehrkr\u00e4ften bei Anfragen in Kontakt [&hellip;]<\/p>\n","protected":false},"author":1,"featured_media":3830,"parent":52,"menu_order":0,"comment_status":"closed","ping_status":"closed","template":"","meta":{"ngg_post_thumbnail":0,"footnotes":""},"class_list":["post-83","page","type-page","status-publish","has-post-thumbnail","hentry"],"_links":{"self":[{"href":"https:\/\/sek-landsberg.de\/index.php?rest_route=\/wp\/v2\/pages\/83","targetHints":{"allow":["GET"]}}],"collection":[{"href":"https:\/\/sek-landsberg.de\/index.php?rest_route=\/wp\/v2\/pages"}],"about":[{"href":"https:\/\/sek-landsberg.de\/index.php?rest_route=\/wp\/v2\/types\/page"}],"author":[{"embeddable":true,"href":"https:\/\/sek-landsberg.de\/index.php?rest_route=\/wp\/v2\/users\/1"}],"replies":[{"embeddable":true,"href":"https:\/\/sek-landsberg.de\/index.php?rest_route=%2Fwp%2Fv2%2Fcomments&post=83"}],"version-history":[{"count":14,"href":"https:\/\/sek-landsberg.de\/index.php?rest_route=\/wp\/v2\/pages\/83\/revisions"}],"predecessor-version":[{"id":6297,"href":"https:\/\/sek-landsberg.de\/index.php?rest_route=\/wp\/v2\/pages\/83\/revisions\/6297"}],"up":[{"embeddable":true,"href":"https:\/\/sek-landsberg.de\/index.php?rest_route=\/wp\/v2\/pages\/52"}],"wp:featuredmedia":[{"embeddable":true,"href":"https:\/\/sek-landsberg.de\/index.php?rest_route=\/wp\/v2\/media\/3830"}],"wp:attachment":[{"href":"https:\/\/sek-landsberg.de\/index.php?rest_route=%2Fwp%2Fv2%2Fmedia&parent=83"}],"curies":[{"name":"wp","href":"https:\/\/api.w.org\/{rel}","templated":true}]}}