{"id":91,"date":"2018-07-04T08:44:04","date_gmt":"2018-07-04T08:44:04","guid":{"rendered":"http:\/\/sek-landsberg.de\/?page_id=91"},"modified":"2018-07-04T15:44:55","modified_gmt":"2018-07-04T15:44:55","slug":"schulprofil","status":"publish","type":"page","link":"https:\/\/sek-landsberg.de\/?page_id=91","title":{"rendered":"Schulprofil"},"content":{"rendered":"<h2>Unser Motto<\/h2>\n<p><b> \u201eFit f\u00fcr das Leben und fit f\u00fcr den Beruf\u201c<\/b><\/p>\n<p>In diesem Bereich finden Sie Informationen \u00fcber das schulische und au\u00dferschulische Angebot unserer Schule.<\/p>\n<p>Weitere Informationen zum Schulleben k\u00f6nnen Sie im Bereich PROJEKTE nachlesen.<\/p>\n<p>Unser Sekundarschule &#8222;An der Doppelkapelle&#8220; ist eine allgemeinbildende Sekundarschule. Neben dem gro\u00dfen Ziel unsere Sch\u00fclerinnen und Sch\u00fcler optimal auf die Berufsausbildung und das Leben vorzubereiten, haben wir ein gro\u00dfe Vielfalt an k\u00fcnstlerischen und sportlichen Angeboten. Seit dem Jahr 2011 tr\u00e4gt unsere Sekundarschule ihren Namen.<\/p>\n<p>Die S\u00e4ulen unseres Schulprogramms findet ihr in der Abbildung veranschaulicht:<\/p>\n<p><img loading=\"lazy\" decoding=\"async\" class=\"alignnone size-medium wp-image-75 aligncenter\" src=\"http:\/\/sek-landsberg.de\/wp-content\/uploads\/2018\/07\/saeulen-297x300.jpg\" alt=\"\" width=\"297\" height=\"300\" srcset=\"https:\/\/sek-landsberg.de\/wp-content\/uploads\/2018\/07\/saeulen-297x300.jpg 297w, https:\/\/sek-landsberg.de\/wp-content\/uploads\/2018\/07\/saeulen-768x776.jpg 768w, https:\/\/sek-landsberg.de\/wp-content\/uploads\/2018\/07\/saeulen-1013x1024.jpg 1013w\" sizes=\"auto, (max-width: 297px) 100vw, 297px\" \/><\/p>\n","protected":false},"excerpt":{"rendered":"<p>Unser Motto \u201eFit f\u00fcr das Leben und fit f\u00fcr den Beruf\u201c In diesem Bereich finden Sie Informationen \u00fcber das schulische und au\u00dferschulische Angebot unserer Schule. Weitere Informationen zum Schulleben k\u00f6nnen Sie im Bereich PROJEKTE nachlesen. [&hellip;]<\/p>\n","protected":false},"author":1,"featured_media":0,"parent":0,"menu_order":0,"comment_status":"closed","ping_status":"closed","template":"sidebar-page.php","meta":{"ngg_post_thumbnail":0,"footnotes":""},"class_list":["post-91","page","type-page","status-publish","hentry"],"_links":{"self":[{"href":"https:\/\/sek-landsberg.de\/index.php?rest_route=\/wp\/v2\/pages\/91","targetHints":{"allow":["GET"]}}],"collection":[{"href":"https:\/\/sek-landsberg.de\/index.php?rest_route=\/wp\/v2\/pages"}],"about":[{"href":"https:\/\/sek-landsberg.de\/index.php?rest_route=\/wp\/v2\/types\/page"}],"author":[{"embeddable":true,"href":"https:\/\/sek-landsberg.de\/index.php?rest_route=\/wp\/v2\/users\/1"}],"replies":[{"embeddable":true,"href":"https:\/\/sek-landsberg.de\/index.php?rest_route=%2Fwp%2Fv2%2Fcomments&post=91"}],"version-history":[{"count":1,"href":"https:\/\/sek-landsberg.de\/index.php?rest_route=\/wp\/v2\/pages\/91\/revisions"}],"predecessor-version":[{"id":92,"href":"https:\/\/sek-landsberg.de\/index.php?rest_route=\/wp\/v2\/pages\/91\/revisions\/92"}],"wp:attachment":[{"href":"https:\/\/sek-landsberg.de\/index.php?rest_route=%2Fwp%2Fv2%2Fmedia&parent=91"}],"curies":[{"name":"wp","href":"https:\/\/api.w.org\/{rel}","templated":true}]}}