{"id":96,"date":"2018-07-04T08:50:37","date_gmt":"2018-07-04T08:50:37","guid":{"rendered":"http:\/\/sek-landsberg.de\/?page_id=96"},"modified":"2025-09-23T07:34:03","modified_gmt":"2025-09-23T07:34:03","slug":"berufsvorbereitung","status":"publish","type":"page","link":"https:\/\/sek-landsberg.de\/?page_id=96","title":{"rendered":"Berufsvorbereitung"},"content":{"rendered":"<div class=\"elementor-element elementor-element-904bab5 elementor-widget elementor-widget-heading animated fadeInLeft\" data-id=\"904bab5\" data-element_type=\"widget\" data-settings=\"{&quot;_animation&quot;:&quot;fadeInLeft&quot;}\" data-widget_type=\"heading.default\">\n<div class=\"elementor-widget-container\">\n<h4 class=\"elementor-heading-title elementor-size-default\">Das Berufswahl-SIEGEL Sachsen-Anhalt<br \/>\nEine Initiative der Wirtschafts- und Sozialpartner des Landes Sachsen-Anhalt. wenn Sie mehr erfahren wollen folgen Sie diesem Link: <a href=\"https:\/\/www.berufswahlsiegel-sachsen-anhalt.de\/\">https:\/\/www.berufswahlsiegel-sachsen-anhalt.de\/<\/a><\/h4>\n<\/div>\n<\/div>\n<p><!--more--><\/p>\n<h2>Berufsberatung an unserer Schule<\/h2>\n<p>Der Berufsberater an unserer Schule ist Frau Kim Kretzschmar<\/p>\n<p><strong>Kontaktdaten des Berufsberaters der Bundesagentur f\u00fcr Arbeit:<\/strong><\/p>\n<p>Frau Kim Kretzschmar<br \/>\nAgentur f\u00fcr Arbeit Halle<br \/>\nSchopenhauerstra\u00dfe 2<br \/>\n06090 Halle<\/p>\n<p><a href=\"mailto:Sachsen-Anhalt-Sued.151-Berufsberatung-vor-dem-Erwerbsleben@arbeitsagentur.de\">Sachsen-Anhalt-Sued.151-Berufsberatung-vor-dem-Erwerbsleben@arbeitsagentur.de<\/a><\/p>\n<p>Anmeldung zur Beratung: 0800 4 5555 00<\/p>\n<p>M\u00f6chtest du mehr \u00fcber seine Arbeit und seine Sprechzeiten erfahren, folge diesem Link:&nbsp;<br \/>\n<a title=\"Informationen zur Studien- und Schulberatung an Ihrer Schule finden Sie hier. Sie gelangen auf das Angebot der Bundesagentur f\u00fcr Arbeit\" href=\"https:\/\/www.arbeitsagentur.de\/vor-ort\/halle\/content\/1533723392415?pk_campaign=schulwebsite\"><img decoding=\"async\" src=\"https:\/\/www.arbeitsagentur.de\/vor-ort\/halle\/media\/l\/schul-bild-banner\" alt=\"Informationen zur Studien- und Schulberatung an Ihrer Schule finden Sie hier. informieren sie sich auf der Seite der Bundesagentur f\u00fcr Arbeit\" width=\"100%\" height=\"auto\"><\/a><\/p>\n<h2>Projekt &#8222;Fit f\u00fcr den Beruf&#8220;<\/h2>\n<p>Unter dem Motto \u201eFit f\u00fcr den Beruf\u201c f\u00fchren wir gemeinsam mit unseren Sch\u00fclerinnen und Sch\u00fcler folgende Aktivit\u00e4ten durch:<\/p>\n<ol>\n<li>Besuch der Bildungsmesse Chance in Halle mit dem Motto \u201eZukunft selbst gestalten!\u201c<\/li>\n<li>Berufswahltest (BWT) beim Berufspsychologischen Service (BPS) der Agentur f\u00fcr Arbeit in Halle<br \/>\nDie Auswertung dieses Testes erfolgt durch unserem Berufsberater, in den jeweiligen Schulsprechstunden, ab dem zweiten Schulhalbjahr.<\/li>\n<li>Erstellen einer vollst\u00e4ndigen pers\u00f6nlichen Bewerbungsmappe<br \/>\nEs wird eine Bewerbungsmappe und ein entsprechendes Passbild ben\u00f6tigt. Dabei kann das Passbild \u00e4lteren Datums sein.<br \/>\nIn Vorbereitung auf das Schreiben des Lebenslaufes muss jeder Sch\u00fcler einen genauen \u00dcberblick \u00fcber seine Daten haben (wann: Einschulung, Besuch der entsprechenden Schulform und wo, evtl. Berufe der Eltern etc.).Die so entstandenen Unterlagen k\u00f6nnen bei den im zweiten Schulhalbjahr anstehenden Bewerbergespr\u00e4chen, die in Zusammenarbeit mit kooperierenden Firmen genutzt werden.<\/li>\n<\/ol>\n<h3>&#8222;Duales Lernen in Form von Praxislerntagen&#8220; an unserer Schule<\/h3>\n<p><a href=\"?p=4032\">Duales Lernen in Form von Praxislerntagen<\/a><\/p>\n<h3><strong>Durchf\u00fchrung eines einw\u00f6chigen Betriebspraktikums in Klasse 10&nbsp;<\/strong><\/h3>\n<p>Schuljahr 2025\/26: 17.11.-21.11.2025<\/p>\n<h3><strong>Durchf\u00fchrung eines zweiw\u00f6chigen Betriebspraktikums in Klasse&nbsp; 9<\/strong><\/h3>\n<p>Schuljahr 2025\/26: 22.06.-02.07.2026<\/p>\n<h3><strong>Durchf\u00fchrung eines einw\u00f6chigen Betriebspraktikums in Klasse 8&nbsp;<\/strong><\/h3>\n<p>Schuljahr 2025\/26: 15.06.-19.06.2026<\/p>\n<h2><strong>Weiterf\u00fchrende Links<\/strong><\/h2>\n<h4><strong>R\u00fcmsa<\/strong><\/h4>\n<p>Was kommt nach der Schule?&nbsp; Welche Ausbildung passt zu mir und welcher Beruf bietet entsprechende Perspektiven in der Region?<br \/>\nR\u00dcMSA bietet mit seinem neuen Internetportal eine Orientierung regionaler Unternehmen bei der Berufswahl an.&nbsp;<br \/>\nLink &#8211; <a href=\"https:\/\/ruemsa.saalekreis.de\">https:\/\/ruemsa.saalekreis.de<\/a><\/p>\n<h3><u>Berufsmessen<\/u><\/h3>\n<h4><strong>Chance Halle<\/strong><\/h4>\n<p>Berufsmesse in Halle am 20.02. und 21.02.2026<br \/>\nLink &#8211; <a href=\"https:\/\/www.chance-halle.de\/\">https:\/\/www.chance-halle.de<\/a><\/p>\n<h4><strong>VOCATIUM Mitteldeutschland<\/strong><\/h4>\n<p>in Halle (Georg-Friedrich-H\u00e4ndel-Halle) am 17.03. und 18.03.2026<br \/>\nLink: <a href=\"https:\/\/www.vocatium.de\/messen\/info\/vocatium-halle-saale\">https:\/\/www.vocatium.de\/messen\/info\/vocatium-halle-saale<\/a><\/p>\n<h3><u>Schnupper-\/Kennenlerntage<\/u><\/h3>\n<h4><strong>Zukunftstag<\/strong><\/h4>\n<p>Erlebe einen Tag in deinem Wunschunternehmen und lerne deinen Wunschberuf kennen?<br \/>\nam 23.04.2026<br \/>\nf\u00fcr M\u00e4dchen &nbsp;Link &#8211; <a href=\"https:\/\/www.girls-day.de\/\">https:\/\/www.girls-day.de\/<\/a><br \/>\nf\u00fcr Jungen &nbsp;Link &#8211; <a href=\"https:\/\/www.boys-day.de\/\">https:\/\/www.boys-day.de\/<\/a><\/p>\n<h3><u>Ausbildungsangebote<\/u><\/h3>\n<h4><strong>azubis<\/strong><\/h4>\n<p>Das Ausbildungsportal<br \/>\nLink &#8211; <a href=\"https:\/\/www.azubis.de\/\">https:\/\/www.azubis.de\/<\/a><\/p>\n<h4><strong>Planet Beruf<\/strong><\/h4>\n<p>Mein Start in die Ausbildung<br \/>\nLink &#8211; <a href=\"http:\/\/www.planet-beruf.de\/schuelerinnen\/\">http:\/\/www.planet-beruf.de\/schuelerinnen\/<\/a><\/p>\n","protected":false},"excerpt":{"rendered":"<p>Das Berufswahl-SIEGEL Sachsen-Anhalt Eine Initiative der Wirtschafts- und Sozialpartner des Landes Sachsen-Anhalt. wenn Sie mehr erfahren wollen folgen Sie diesem Link: https:\/\/www.berufswahlsiegel-sachsen-anhalt.de\/<\/p>\n","protected":false},"author":1,"featured_media":6487,"parent":91,"menu_order":0,"comment_status":"closed","ping_status":"closed","template":"","meta":{"ngg_post_thumbnail":0,"footnotes":""},"class_list":["post-96","page","type-page","status-publish","has-post-thumbnail","hentry"],"_links":{"self":[{"href":"https:\/\/sek-landsberg.de\/index.php?rest_route=\/wp\/v2\/pages\/96","targetHints":{"allow":["GET"]}}],"collection":[{"href":"https:\/\/sek-landsberg.de\/index.php?rest_route=\/wp\/v2\/pages"}],"about":[{"href":"https:\/\/sek-landsberg.de\/index.php?rest_route=\/wp\/v2\/types\/page"}],"author":[{"embeddable":true,"href":"https:\/\/sek-landsberg.de\/index.php?rest_route=\/wp\/v2\/users\/1"}],"replies":[{"embeddable":true,"href":"https:\/\/sek-landsberg.de\/index.php?rest_route=%2Fwp%2Fv2%2Fcomments&post=96"}],"version-history":[{"count":39,"href":"https:\/\/sek-landsberg.de\/index.php?rest_route=\/wp\/v2\/pages\/96\/revisions"}],"predecessor-version":[{"id":6489,"href":"https:\/\/sek-landsberg.de\/index.php?rest_route=\/wp\/v2\/pages\/96\/revisions\/6489"}],"up":[{"embeddable":true,"href":"https:\/\/sek-landsberg.de\/index.php?rest_route=\/wp\/v2\/pages\/91"}],"wp:featuredmedia":[{"embeddable":true,"href":"https:\/\/sek-landsberg.de\/index.php?rest_route=\/wp\/v2\/media\/6487"}],"wp:attachment":[{"href":"https:\/\/sek-landsberg.de\/index.php?rest_route=%2Fwp%2Fv2%2Fmedia&parent=96"}],"curies":[{"name":"wp","href":"https:\/\/api.w.org\/{rel}","templated":true}]}}